{"id":62,"date":"2023-01-13T07:16:09","date_gmt":"2023-01-13T07:16:09","guid":{"rendered":"https:\/\/www.telefonica.co\/?page_id=62"},"modified":"2025-11-25T09:17:23","modified_gmt":"2025-11-25T14:17:23","slug":"telefonica-colombia","status":"publish","type":"page","link":"https:\/\/www.telefonica.co\/en\/about-us\/telefonica-colombia\/","title":{"rendered":"Telef\u00f3nica Colombia"},"content":{"rendered":"\n<p>Telef\u00f3nica is one of the biggest drivers of the digital economy in the country, with revenues of 6.68 billion pesos in 2024.<\/p>\n\n\n\n<p>The activity of the company, which operates under the Movistar commercial brand, is fundamentally focused on the business of mobile telephony and connectivity, broadband services, fiber optics to the home, pay television, fixed telephony and a complete range of digital solutions for small, medium and large companies and corporations.<\/p>\n\n\n\n<p>Telef\u00f3nica is present in 96 cities and municipalities in the country with fiber optics and more than 1.120 with 4G LTE mobile telephony.<\/p>\n\n\n\n<p>Telef\u00f3nica closed the third quarter of 2025 with a customer base of 25.9 million across the country: 22.4 million mobile lines, 1.59 million broadband (fiber) customers and 810,000 pay TV customers (792,000 with IPTV) and 1.1 million fixed lines in service.<\/p>\n\n\n\n<h3 class=\"wp-block-heading\" id=\"h-some-magnitudes-of-telefonica-in-colombia\" style=\"font-style:normal;font-weight:600\">Some magnitudes of Telef\u00f3nica in Colombia<\/h3>\n\n\n<div class=\"stats  \">\n                <div class=\"stats__row\"><div class=\"stats__message\">\n                        <span class=\"stats__title heading-2\">96<\/span>\n                        <span class=\"stats__text heading-6\">CITIES COVERED WITH FIBRA MOVISTAR<\/span>\n                    <\/div><div class=\"stats__message\">\n                        <span class=\"stats__title heading-2\">6.68<\/span>\n                        <span class=\"stats__text heading-6\">BILLION COLOMBIAN PESOS OF INCOME IN 2024<\/span>\n                    <\/div><div class=\"stats__message\">\n                        <span class=\"stats__title heading-2\">+1.120<\/span>\n                        <span class=\"stats__text heading-6\">CITIES COVERED WITH 4G LTE<\/span>\n                    <\/div><div class=\"stats__message\">\n                        <span class=\"stats__title heading-2\">25,9<\/span>\n                        <span class=\"stats__text heading-6\">MILLION TOTAL CUSTOMERS<\/span>\n                    <\/div><\/div><\/div>\n\n<div class=\"tlf-spaces mb--70 \">  <\/div>\n\n\n<h3 class=\"wp-block-heading\" id=\"h-our-matrix\" style=\"font-style:normal;font-weight:600\">Our Matrix<\/h3>\n\n\n\n<p>Telef\u00f3nica is one of the world&#8217;s leading telecommunications service providers. It offers fixed and mobile connectivity services, as well as a wide range of digital services for individuals and companies. The company is present in Europe and Latin America, where it has more than 337 million accesses. Telef\u00f3nica is a totally private company whose shares are listed on the continuous market of the Spanish stock exchanges and on the New York and Lima stock exchanges.<\/p>\n\n\n\n<p>Telef\u00f3nica has been present in Colombia since 2004. It began activities in the mobile telephony market, after the acquisition of Bellsouth&#8217;s cellular operation in the country. Later, in 2006, Telef\u00f3nica entered the fixed telephone market by acquiring a controlling stake in Colombia Telecomunicaciones S.A. ESP, corresponding to 52% of the Company&#8217;s capital.<\/p>\n\n\n\n<p>Subsequently, and within the framework of capitalization and corporate reorganization processes, Telef\u00f3nica increased its stake in the Company to 67.5% and consolidated it through Telef\u00f3nica Hispanoam\u00e9rica, S.L., a company also part of the Telef\u00f3nica Group.<\/p>\n\n\n\n<p><strong><a href=\"https:\/\/www.telefonica.co\/wp-content\/uploads\/sites\/4\/2023\/02\/Estructura-de-la-propiedad-de-la-Compania.-Sociedad-Controlante-y-Grupo-Empresarial-Esp.pdf\" target=\"_blank\" rel=\"noreferrer noopener\">Know here the Control Situation and Group Corporate<\/a><\/strong><\/p>\n\n\n<div class=\"tlf-spaces mb--100 \">  <\/div>","protected":false},"excerpt":{"rendered":"<p>Telef\u00f3nica is one of the biggest drivers of the digital economy in the country, with revenues of 6.68 billion pesos in 2024. The activity of the company, which operates under the Movistar commercial brand, is fundamentally focused on the business of mobile telephony and connectivity, broadband services, fiber optics to the home, pay television, fixed [&hellip;]<\/p>\n","protected":false},"author":6,"featured_media":0,"parent":20,"menu_order":0,"comment_status":"closed","ping_status":"closed","template":"","meta":{"_acf_changed":false,"_relevanssi_hide_post":"","_relevanssi_pin_for_all":"","_relevanssi_pin_keywords":"","_relevanssi_unpin_keywords":"","_relevanssi_related_keywords":"","_relevanssi_related_include_ids":"","_relevanssi_related_exclude_ids":"","_relevanssi_related_no_append":"","_relevanssi_related_not_related":"","_relevanssi_related_posts":"490,536,508,456,584,468","_relevanssi_noindex_reason":"","footnotes":""},"class_list":["post-62","page","type-page","status-publish","hentry"],"acf":[],"yoast_head":"<!-- This site is optimized with the Yoast SEO Premium plugin v20.0 (Yoast SEO v27.3) - https:\/\/yoast.com\/product\/yoast-seo-premium-wordpress\/ -->\n<title>Telef\u00f3nica Colombia | Telefonica Colombia English<\/title>\n<meta name=\"robots\" content=\"index, follow, max-snippet:-1, max-image-preview:large, max-video-preview:-1\" \/>\n<link rel=\"canonical\" href=\"https:\/\/www.telefonica.co\/en\/about-us\/telefonica-colombia\/\" \/>\n<meta property=\"og:locale\" content=\"en_GB\" \/>\n<meta property=\"og:type\" content=\"article\" \/>\n<meta property=\"og:title\" content=\"Telef\u00f3nica Colombia\" \/>\n<meta property=\"og:description\" content=\"Telef\u00f3nica is one of the biggest drivers of the digital economy in the country, with revenues of 6.68 billion pesos in 2024. The activity of the company, which operates under the Movistar commercial brand, is fundamentally focused on the business of mobile telephony and connectivity, broadband services, fiber optics to the home, pay television, fixed [&hellip;]\" \/>\n<meta property=\"og:url\" content=\"https:\/\/www.telefonica.co\/en\/about-us\/telefonica-colombia\/\" \/>\n<meta property=\"og:site_name\" content=\"Telefonica Colombia English\" \/>\n<meta property=\"article:published_time\" content=\"2023-01-13T08:16:09+01:00\" \/>\n<meta property=\"article:modified_time\" content=\"2025-11-25T15:17:23+01:00\" \/>\n<meta property=\"og:image\" content=\"https:\/\/www.telefonica.co\/en\/wp-content\/uploads\/sites\/10\/2024\/03\/LogoTelefonicaAzul.png\" \/>\n\t<meta property=\"og:image:width\" content=\"250\" \/>\n\t<meta property=\"og:image:height\" content=\"250\" \/>\n\t<meta property=\"og:image:type\" content=\"image\/png\" \/>\n<meta name=\"twitter:card\" content=\"summary_large_image\" \/>\n<meta name=\"twitter:label1\" content=\"Est. reading time\" \/>\n\t<meta name=\"twitter:data1\" content=\"2 minutes\" \/>\n<script type=\"application\/ld+json\" class=\"yoast-schema-graph\">{\"@context\":\"https:\\\/\\\/schema.org\",\"@graph\":[{\"@type\":\"WebPage\",\"@id\":\"https:\\\/\\\/www.telefonica.co\\\/en\\\/about-us\\\/telefonica-colombia\\\/\",\"url\":\"https:\\\/\\\/www.telefonica.co\\\/en\\\/about-us\\\/telefonica-colombia\\\/\",\"name\":\"Telef\u00f3nica Colombia | Telefonica Colombia English\",\"isPartOf\":{\"@id\":\"https:\\\/\\\/www.telefonica.co\\\/en\\\/#website\"},\"datePublished\":\"2023-01-13T07:16:09+00:00\",\"dateModified\":\"2025-11-25T14:17:23+00:00\",\"breadcrumb\":{\"@id\":\"https:\\\/\\\/www.telefonica.co\\\/en\\\/about-us\\\/telefonica-colombia\\\/#breadcrumb\"},\"inLanguage\":\"en-GB\",\"potentialAction\":[{\"@type\":\"ReadAction\",\"target\":[\"https:\\\/\\\/www.telefonica.co\\\/en\\\/about-us\\\/telefonica-colombia\\\/\"]}]},{\"@type\":\"BreadcrumbList\",\"@id\":\"https:\\\/\\\/www.telefonica.co\\\/en\\\/about-us\\\/telefonica-colombia\\\/#breadcrumb\",\"itemListElement\":[{\"@type\":\"ListItem\",\"position\":1,\"name\":\"Home\",\"item\":\"https:\\\/\\\/www.telefonica.co\\\/en\\\/\"},{\"@type\":\"ListItem\",\"position\":2,\"name\":\"About us\",\"item\":\"https:\\\/\\\/www.telefonica.co\\\/en\\\/about-us\\\/\"},{\"@type\":\"ListItem\",\"position\":3,\"name\":\"Telef\u00f3nica Colombia\"}]},{\"@type\":\"WebSite\",\"@id\":\"https:\\\/\\\/www.telefonica.co\\\/en\\\/#website\",\"url\":\"https:\\\/\\\/www.telefonica.co\\\/en\\\/\",\"name\":\"Telefonica Colombia English\",\"description\":\"\",\"potentialAction\":[{\"@type\":\"SearchAction\",\"target\":{\"@type\":\"EntryPoint\",\"urlTemplate\":\"https:\\\/\\\/www.telefonica.co\\\/en\\\/?s={search_term_string}\"},\"query-input\":{\"@type\":\"PropertyValueSpecification\",\"valueRequired\":true,\"valueName\":\"search_term_string\"}}],\"inLanguage\":\"en-GB\"}]}<\/script>\n<!-- \/ Yoast SEO Premium plugin. -->","yoast_head_json":{"title":"Telef\u00f3nica Colombia | Telefonica Colombia English","robots":{"index":"index","follow":"follow","max-snippet":"max-snippet:-1","max-image-preview":"max-image-preview:large","max-video-preview":"max-video-preview:-1"},"canonical":"https:\/\/www.telefonica.co\/en\/about-us\/telefonica-colombia\/","og_locale":"en_GB","og_type":"article","og_title":"Telef\u00f3nica Colombia","og_description":"Telef\u00f3nica is one of the biggest drivers of the digital economy in the country, with revenues of 6.68 billion pesos in 2024. The activity of the company, which operates under the Movistar commercial brand, is fundamentally focused on the business of mobile telephony and connectivity, broadband services, fiber optics to the home, pay television, fixed [&hellip;]","og_url":"https:\/\/www.telefonica.co\/en\/about-us\/telefonica-colombia\/","og_site_name":"Telefonica Colombia English","article_published_time":"2023-01-13T08:16:09+01:00","article_modified_time":"2025-11-25T15:17:23+01:00","og_image":[{"width":250,"height":250,"url":"https:\/\/www.telefonica.co\/en\/wp-content\/uploads\/sites\/10\/2024\/03\/LogoTelefonicaAzul.png","type":"image\/png"}],"twitter_card":"summary_large_image","twitter_misc":{"Est. reading time":"2 minutes"},"schema":{"@context":"https:\/\/schema.org","@graph":[{"@type":"WebPage","@id":"https:\/\/www.telefonica.co\/en\/about-us\/telefonica-colombia\/","url":"https:\/\/www.telefonica.co\/en\/about-us\/telefonica-colombia\/","name":"Telef\u00f3nica Colombia | Telefonica Colombia English","isPartOf":{"@id":"https:\/\/www.telefonica.co\/en\/#website"},"datePublished":"2023-01-13T07:16:09+00:00","dateModified":"2025-11-25T14:17:23+00:00","breadcrumb":{"@id":"https:\/\/www.telefonica.co\/en\/about-us\/telefonica-colombia\/#breadcrumb"},"inLanguage":"en-GB","potentialAction":[{"@type":"ReadAction","target":["https:\/\/www.telefonica.co\/en\/about-us\/telefonica-colombia\/"]}]},{"@type":"BreadcrumbList","@id":"https:\/\/www.telefonica.co\/en\/about-us\/telefonica-colombia\/#breadcrumb","itemListElement":[{"@type":"ListItem","position":1,"name":"Home","item":"https:\/\/www.telefonica.co\/en\/"},{"@type":"ListItem","position":2,"name":"About us","item":"https:\/\/www.telefonica.co\/en\/about-us\/"},{"@type":"ListItem","position":3,"name":"Telef\u00f3nica Colombia"}]},{"@type":"WebSite","@id":"https:\/\/www.telefonica.co\/en\/#website","url":"https:\/\/www.telefonica.co\/en\/","name":"Telefonica Colombia English","description":"","potentialAction":[{"@type":"SearchAction","target":{"@type":"EntryPoint","urlTemplate":"https:\/\/www.telefonica.co\/en\/?s={search_term_string}"},"query-input":{"@type":"PropertyValueSpecification","valueRequired":true,"valueName":"search_term_string"}}],"inLanguage":"en-GB"}]}},"jetpack_sharing_enabled":true,"_links":{"self":[{"href":"https:\/\/www.telefonica.co\/en\/wp-json\/wp\/v2\/pages\/62","targetHints":{"allow":["GET"]}}],"collection":[{"href":"https:\/\/www.telefonica.co\/en\/wp-json\/wp\/v2\/pages"}],"about":[{"href":"https:\/\/www.telefonica.co\/en\/wp-json\/wp\/v2\/types\/page"}],"author":[{"embeddable":true,"href":"https:\/\/www.telefonica.co\/en\/wp-json\/wp\/v2\/users\/6"}],"replies":[{"embeddable":true,"href":"https:\/\/www.telefonica.co\/en\/wp-json\/wp\/v2\/comments?post=62"}],"version-history":[{"count":41,"href":"https:\/\/www.telefonica.co\/en\/wp-json\/wp\/v2\/pages\/62\/revisions"}],"predecessor-version":[{"id":74537,"href":"https:\/\/www.telefonica.co\/en\/wp-json\/wp\/v2\/pages\/62\/revisions\/74537"}],"up":[{"embeddable":true,"href":"https:\/\/www.telefonica.co\/en\/wp-json\/wp\/v2\/pages\/20"}],"wp:attachment":[{"href":"https:\/\/www.telefonica.co\/en\/wp-json\/wp\/v2\/media?parent=62"}],"curies":[{"name":"wp","href":"https:\/\/api.w.org\/{rel}","templated":true}]}}