{"id":59,"date":"2023-01-13T07:12:39","date_gmt":"2023-01-13T07:12:39","guid":{"rendered":"https:\/\/www.telefonica.co\/?page_id=59"},"modified":"2024-06-05T12:49:56","modified_gmt":"2024-06-05T17:49:56","slug":"telefonica-hispam","status":"publish","type":"page","link":"https:\/\/www.telefonica.co\/en\/telefonica-hispam\/","title":{"rendered":"Telef\u00f3nica Hispam"},"content":{"rendered":"\n<div class=\"wp-block-columns is-layout-flex wp-container-core-columns-is-layout-9d6595d7 wp-block-columns-is-layout-flex\">\n<div class=\"wp-block-column is-layout-flow wp-block-column-is-layout-flow\"><div class=\"block-shadow   block-shadow--left  \">\n            <div class=\"block-shadow__content\">\n                \n\n<p>Telef\u00f3nica Movistar Hispanoam\u00e9rica is one of the largest regional companies providing mobile connectivity and fixed broadband services to homes and businesses, mainly through high-speed fiber optics, and a wide range of digital services. We have more than 111 million residential and business customers in the eight countries where we are present: Argentina, Chile, Colombia, Ecuador, Mexico, Peru, Uruguay and Venezuela.<\/p>\n\n\n\n<p>We are focused on creating long-term value, in a sustainable, innovative and profitable way, through the development of new operating models, with the objective of doing what is best for our clients and society in general.<\/p>\n\n\n\n<p>Our mission, \u201cto make our world more human, connecting people\u2019s lives\u201d, is our main purpose and in recent years it has gained more, because life is increasingly digital.<\/p>\n\n\n\n<p>.<\/p>\n\n\n            <\/div>\n            <div class=\"block-shadow__media\">\n                <div class=\"block-shadow__img\" role=\"img\" aria-label=\"\" style=\"background-image: url(https:\/\/www.telefonica.co\/wp-content\/uploads\/sites\/4\/2023\/02\/telefonica-hispam.jpg)\"><\/div><div class=\"block-shadow__desc\"><\/div><\/div>\n        <\/div><\/div>\n<\/div>\n\n\n<div class=\"tlf-spaces mb--70 \">  <\/div>\n\n\n<h3 class=\"wp-block-heading\" id=\"h-significant-magnitudes-of-telefonica-hispam-in-the-second-quarter-of-2023\" style=\"font-style:normal;font-weight:600\"><br><strong>Significant magnitudes of Telef\u00f3nica Hispam in the second quarter of 2023<\/strong><\/h3>\n\n\n<div class=\"stats  \">\n                <div class=\"stats__row\"><div class=\"stats__message\">\n                        <span class=\"stats__title heading-2\">2.251 M\u20ac<\/span>\n                        <span class=\"stats__text heading-6\">Revenue<\/span>\n                    <\/div><div class=\"stats__message\">\n                        <span class=\"stats__title heading-2\">111,4  M<\/span>\n                        <span class=\"stats__text heading-6\"> OF TOTAL ACCESSES<\/span>\n                    <\/div><div class=\"stats__message\">\n                        <span class=\"stats__title heading-2\">+3%<\/span>\n                        <span class=\"stats__text heading-6\">MOBILE CONTRACT ACCESSES (y-o-y)<\/span>\n                    <\/div><div class=\"stats__message\">\n                        <span class=\"stats__title heading-2\">14,9<\/span>\n                        <span class=\"stats__text heading-6\">MILLION REAL ESTATE UNITS PASSED WITH FIBER<\/span>\n                    <\/div><\/div><\/div>\n\n<div class=\"tlf-spaces mb--70 \">  <\/div>\n\n\n<div class=\"wp-block-columns is-layout-flex wp-container-core-columns-is-layout-9d6595d7 wp-block-columns-is-layout-flex\">\n<div class=\"wp-block-column is-layout-flow wp-block-column-is-layout-flow\">\n<div class=\"block block--v\">\n                <div class=\"block__text\">\n                <h3 class=\"block__title heading-4\">Management team<\/h3>\n                <div class=\"block__desc\"><\/div><a class=\"block__link\" href=\"https:\/\/www.telefonica.co\/telefonica-hispam\/equipo-directivo-hispam\/\" rel=\"noopener\"><span class=\"hide-a11y\">M\u00e1s informaci\u00f3n sobre Equipo Directivo<\/span><span class=\"block__opacity\"><\/span><span class=\"cta cta--link\"><\/span><\/a>\n                <\/div>\n                <div class=\"block__image\" role=\"img\" aria-label=\"\" style=\"background-position: 50% 50%;background-image: url(https:\/\/www.telefonica.com.ve\/wp-content\/uploads\/sites\/3\/2023\/01\/Equipo-directivo-1.jpg)\"><\/div>\n            <\/div>\n<\/div>\n\n\n\n<div class=\"wp-block-column is-layout-flow wp-block-column-is-layout-flow\">\n<div class=\"block block--v\">\n                <div class=\"block__text\">\n                <h3 class=\"block__title heading-4\">Results<\/h3>\n                <div class=\"block__desc\"><\/div><a class=\"block__link\" href=\"https:\/\/www.telefonica.co\/telefonica-hispam\/resultados\/\" rel=\"noopener\"><span class=\"hide-a11y\">M\u00e1s informaci\u00f3n sobre Resultados<\/span><span class=\"block__opacity\"><\/span><span class=\"cta cta--link\"><\/span><\/a>\n                <\/div>\n                <div class=\"block__image\" role=\"img\" aria-label=\"\" style=\"background-position: 50% 50%;background-image: url(https:\/\/www.telefonica.com.ve\/wp-content\/uploads\/sites\/3\/2023\/01\/Resultados.jpg)\"><\/div>\n            <\/div>\n<\/div>\n<\/div>\n\n\n<div class=\"tlf-spaces mb--100 \">  <\/div>\n\n\n<h2 class=\"wp-block-heading\" id=\"h-our-operations\">Our operations<\/h2>\n\n\n<div class=\"tlf-spaces mb--35 \">  <\/div>\n\n\n<div class=\"wp-block-columns is-layout-flex wp-container-core-columns-is-layout-9d6595d7 wp-block-columns-is-layout-flex\">\n<div class=\"wp-block-column is-layout-flow wp-block-column-is-layout-flow\">\n<div class=\"block block--v\">\n                <div class=\"block__text\">\n                <h3 class=\"block__title heading-4\">Argentina<\/h3>\n                <a class=\"block__link\" href=\"https:\/\/www.telefonica.com.ar\/\" target=\"_blank\" rel=\"noopener\"><span class=\"hide-a11y\">M\u00e1s informaci\u00f3n sobre Telef\u00f3nica Argentina<\/span><span class=\"block__opacity\"><\/span><span class=\"cta cta--link\"><\/span><\/a>\n                <\/div>\n                <div class=\"block__image\" role=\"img\" aria-label=\"\" style=\"background-position: 50% 50%;background-image: url(https:\/\/www.telefonica.com.ve\/wp-content\/uploads\/sites\/3\/2023\/01\/Argentina-200-1.jpg)\"><\/div>\n            <\/div>\n<\/div>\n\n\n\n<div class=\"wp-block-column is-layout-flow wp-block-column-is-layout-flow\">\n<div class=\"block block--v\">\n                <div class=\"block__text\">\n                <h3 class=\"block__title heading-4\">Chile<\/h3>\n                <a class=\"block__link\" href=\"https:\/\/www.telefonica.cl\/\" target=\"_blank\" rel=\"noopener\"><span class=\"hide-a11y\">M\u00e1s informaci\u00f3n sobre Telef\u00f3nica Chile<\/span><span class=\"block__opacity\"><\/span><span class=\"cta cta--link\"><\/span><\/a>\n                <\/div>\n                <div class=\"block__image\" role=\"img\" aria-label=\"\" style=\"background-position: 50% 50%;background-image: url(https:\/\/www.telefonica.com.ve\/wp-content\/uploads\/sites\/3\/2023\/01\/Chile-200-1.jpg)\"><\/div>\n            <\/div>\n<\/div>\n\n\n\n<div class=\"wp-block-column is-layout-flow wp-block-column-is-layout-flow\">\n<div class=\"block block--v\">\n                <div class=\"block__text\">\n                <h3 class=\"block__title heading-4\">Colombia<\/h3>\n                <a class=\"block__link\" href=\"https:\/\/www.telefonica.co\/en\/\" target=\"_blank\" rel=\"noopener\"><span class=\"hide-a11y\">M\u00e1s informaci\u00f3n sobre Telef\u00f3nica Colombia<\/span><span class=\"block__opacity\"><\/span><span class=\"cta cta--link\"><\/span><\/a>\n                <\/div>\n                <div class=\"block__image\" role=\"img\" aria-label=\"\" style=\"background-position: 50% 50%;background-image: url(https:\/\/www.telefonica.com.ve\/wp-content\/uploads\/sites\/3\/2023\/01\/Colombia-200-1.jpg)\"><\/div>\n            <\/div>\n<\/div>\n<\/div>\n\n\n\n<div class=\"wp-block-columns is-layout-flex wp-container-core-columns-is-layout-9d6595d7 wp-block-columns-is-layout-flex\">\n<div class=\"wp-block-column is-layout-flow wp-block-column-is-layout-flow\">\n<div class=\"block block--v\">\n                <div class=\"block__text\">\n                <h3 class=\"block__title heading-4\">Ecuador<\/h3>\n                <a class=\"block__link\" href=\"https:\/\/www.telefonica.com.ec\/\" target=\"_blank\" rel=\"noopener\"><span class=\"hide-a11y\">M\u00e1s informaci\u00f3n sobre Telef\u00f3nica Ecuador<\/span><span class=\"block__opacity\"><\/span><span class=\"cta cta--link\"><\/span><\/a>\n                <\/div>\n                <div class=\"block__image\" role=\"img\" aria-label=\"\" style=\"background-position: 50% 50%;background-image: url(https:\/\/www.telefonica.co\/wp-content\/uploads\/sites\/3\/2023\/01\/Ecuador.jpg)\"><\/div>\n            <\/div>\n<\/div>\n\n\n\n<div class=\"wp-block-column is-layout-flow wp-block-column-is-layout-flow\">\n<div class=\"block block--v\">\n                <div class=\"block__text\">\n                <h3 class=\"block__title heading-4\">M\u00e9xico<\/h3>\n                <a class=\"block__link\" href=\"https:\/\/www.telefonica.com.mx\/\" target=\"_blank\" rel=\"noopener\"><span class=\"hide-a11y\">M\u00e1s informaci\u00f3n sobre Telef\u00f3nica M\u00e9xico<\/span><span class=\"block__opacity\"><\/span><span class=\"cta cta--link\"><\/span><\/a>\n                <\/div>\n                <div class=\"block__image\" role=\"img\" aria-label=\"\" style=\"background-position: 50% 50%;background-image: url(https:\/\/www.telefonica.co\/wp-content\/uploads\/sites\/3\/2023\/01\/Mexico-200.jpg)\"><\/div>\n            <\/div>\n<\/div>\n\n\n\n<div class=\"wp-block-column is-layout-flow wp-block-column-is-layout-flow\">\n<div class=\"block block--v\">\n                <div class=\"block__text\">\n                <h3 class=\"block__title heading-4\">Per\u00fa<\/h3>\n                <a class=\"block__link\" href=\"https:\/\/www.telefonica.com.pe\/\" target=\"_blank\" rel=\"noopener\"><span class=\"hide-a11y\">M\u00e1s informaci\u00f3n sobre Telef\u00f3nica Per\u00fa<\/span><span class=\"block__opacity\"><\/span><span class=\"cta cta--link\"><\/span><\/a>\n                <\/div>\n                <div class=\"block__image\" role=\"img\" aria-label=\"\" style=\"background-position: 50% 50%;background-image: url(https:\/\/www.telefonica.co\/wp-content\/uploads\/sites\/3\/2023\/01\/Peru-200.jpg)\"><\/div>\n            <\/div>\n<\/div>\n<\/div>\n\n\n\n<div class=\"wp-block-columns is-layout-flex wp-container-core-columns-is-layout-9d6595d7 wp-block-columns-is-layout-flex\">\n<div class=\"wp-block-column is-layout-flow wp-block-column-is-layout-flow\">\n<div class=\"block block--v\">\n                <div class=\"block__text\">\n                <h3 class=\"block__title heading-4\">Uruguay<\/h3>\n                <a class=\"block__link\" href=\"https:\/\/www.movistar.com.uy\/institucional\/\" target=\"_blank\" rel=\"noopener\"><span class=\"hide-a11y\">M\u00e1s informaci\u00f3n sobre Telef\u00f3nica Uruguay<\/span><span class=\"block__opacity\"><\/span><span class=\"cta cta--link\"><\/span><\/a>\n                <\/div>\n                <div class=\"block__image\" role=\"img\" aria-label=\"\" style=\"background-position: 50% 50%;background-image: url(https:\/\/www.telefonica.co\/en\/wp-content\/uploads\/sites\/10\/2023\/07\/MUruguay.jpg)\"><\/div>\n            <\/div>\n<\/div>\n\n\n\n<div class=\"wp-block-column is-layout-flow wp-block-column-is-layout-flow\">\n<div class=\"block block--v\">\n                <div class=\"block__text\">\n                <h3 class=\"block__title heading-4\">Venezuela<\/h3>\n                <a class=\"block__link\" href=\"https:\/\/www.telefonica.com.ve\/\" target=\"_blank\" rel=\"noopener\"><span class=\"hide-a11y\">M\u00e1s informaci\u00f3n sobre Telef\u00f3nica Venezuela<\/span><span class=\"block__opacity\"><\/span><span class=\"cta cta--link\"><\/span><\/a>\n                <\/div>\n                <div class=\"block__image\" role=\"img\" aria-label=\"\" style=\"background-position: 50% 50%;background-image: url(https:\/\/www.telefonica.co\/wp-content\/uploads\/sites\/4\/2023\/07\/Venezuela2023.jpg)\"><\/div>\n            <\/div>\n<\/div>\n\n\n\n<div class=\"wp-block-column is-layout-flow wp-block-column-is-layout-flow\"><\/div>\n<\/div>\n\n\n<div class=\"tlf-spaces mb--100 \">  <\/div>\n\n\n<script>window.location.assign(\"https:\/\/www.telefonicahispam.com\");<\/script>\n","protected":false},"excerpt":{"rendered":"<p>Significant magnitudes of Telef\u00f3nica Hispam in the second quarter of 2023 Management team M\u00e1s informaci\u00f3n sobre Equipo Directivo Results M\u00e1s informaci\u00f3n sobre Resultados Our operations Argentina M\u00e1s informaci\u00f3n sobre Telef\u00f3nica Argentina Chile M\u00e1s informaci\u00f3n sobre Telef\u00f3nica Chile Colombia M\u00e1s informaci\u00f3n sobre Telef\u00f3nica Colombia Ecuador M\u00e1s informaci\u00f3n sobre Telef\u00f3nica Ecuador M\u00e9xico M\u00e1s informaci\u00f3n sobre Telef\u00f3nica M\u00e9xico [&hellip;]<\/p>\n","protected":false},"author":6,"featured_media":0,"parent":0,"menu_order":0,"comment_status":"closed","ping_status":"closed","template":"","meta":{"_acf_changed":false,"_relevanssi_hide_post":"","_relevanssi_pin_for_all":"","_relevanssi_pin_keywords":"","_relevanssi_unpin_keywords":"","_relevanssi_related_keywords":"","_relevanssi_related_include_ids":"","_relevanssi_related_exclude_ids":"","_relevanssi_related_no_append":"","_relevanssi_related_not_related":"","_relevanssi_related_posts":"1","_relevanssi_noindex_reason":"","footnotes":""},"class_list":["post-59","page","type-page","status-publish","hentry"],"acf":[],"yoast_head":"<!-- This site is optimized with the Yoast SEO Premium plugin v20.0 (Yoast SEO v27.2) - https:\/\/yoast.com\/product\/yoast-seo-premium-wordpress\/ -->\n<title>Telef\u00f3nica Hispam | Telefonica Colombia English<\/title>\n<meta name=\"robots\" content=\"index, follow, max-snippet:-1, max-image-preview:large, max-video-preview:-1\" \/>\n<link rel=\"canonical\" href=\"https:\/\/www.telefonica.co\/en\/telefonica-hispam\/\" \/>\n<meta property=\"og:locale\" content=\"en_GB\" \/>\n<meta property=\"og:type\" content=\"article\" \/>\n<meta property=\"og:title\" content=\"Telef\u00f3nica Hispam\" \/>\n<meta property=\"og:description\" content=\"Significant magnitudes of Telef\u00f3nica Hispam in the second quarter of 2023 Management team M\u00e1s informaci\u00f3n sobre Equipo Directivo Results M\u00e1s informaci\u00f3n sobre Resultados Our operations Argentina M\u00e1s informaci\u00f3n sobre Telef\u00f3nica Argentina Chile M\u00e1s informaci\u00f3n sobre Telef\u00f3nica Chile Colombia M\u00e1s informaci\u00f3n sobre Telef\u00f3nica Colombia Ecuador M\u00e1s informaci\u00f3n sobre Telef\u00f3nica Ecuador M\u00e9xico M\u00e1s informaci\u00f3n sobre Telef\u00f3nica M\u00e9xico [&hellip;]\" \/>\n<meta property=\"og:url\" content=\"https:\/\/www.telefonica.co\/en\/telefonica-hispam\/\" \/>\n<meta property=\"og:site_name\" content=\"Telefonica Colombia English\" \/>\n<meta property=\"article:published_time\" content=\"2023-01-13T08:12:39+01:00\" \/>\n<meta property=\"article:modified_time\" content=\"2024-06-05T19:49:56+02:00\" \/>\n<meta property=\"og:image\" content=\"https:\/\/www.telefonica.co\/en\/wp-content\/uploads\/sites\/10\/2024\/03\/LogoTelefonicaAzul.png\" \/>\n\t<meta property=\"og:image:width\" content=\"250\" \/>\n\t<meta property=\"og:image:height\" content=\"250\" \/>\n\t<meta property=\"og:image:type\" content=\"image\/png\" \/>\n<meta name=\"twitter:card\" content=\"summary_large_image\" \/>\n<meta name=\"twitter:label1\" content=\"Est. reading time\" \/>\n\t<meta name=\"twitter:data1\" content=\"1 minute\" \/>\n<script type=\"application\/ld+json\" class=\"yoast-schema-graph\">{\"@context\":\"https:\/\/schema.org\",\"@graph\":[{\"@type\":\"WebPage\",\"@id\":\"https:\/\/www.telefonica.co\/en\/telefonica-hispam\/\",\"url\":\"https:\/\/www.telefonica.co\/en\/telefonica-hispam\/\",\"name\":\"Telef\u00f3nica Hispam | Telefonica Colombia English\",\"isPartOf\":{\"@id\":\"https:\/\/www.telefonica.co\/en\/#website\"},\"datePublished\":\"2023-01-13T07:12:39+00:00\",\"dateModified\":\"2024-06-05T17:49:56+00:00\",\"breadcrumb\":{\"@id\":\"https:\/\/www.telefonica.co\/en\/telefonica-hispam\/#breadcrumb\"},\"inLanguage\":\"en-GB\",\"potentialAction\":[{\"@type\":\"ReadAction\",\"target\":[\"https:\/\/www.telefonica.co\/en\/telefonica-hispam\/\"]}]},{\"@type\":\"BreadcrumbList\",\"@id\":\"https:\/\/www.telefonica.co\/en\/telefonica-hispam\/#breadcrumb\",\"itemListElement\":[{\"@type\":\"ListItem\",\"position\":1,\"name\":\"Home\",\"item\":\"https:\/\/www.telefonica.co\/en\/\"},{\"@type\":\"ListItem\",\"position\":2,\"name\":\"Telef\u00f3nica Hispam\"}]},{\"@type\":\"WebSite\",\"@id\":\"https:\/\/www.telefonica.co\/en\/#website\",\"url\":\"https:\/\/www.telefonica.co\/en\/\",\"name\":\"Telefonica Colombia English\",\"description\":\"\",\"potentialAction\":[{\"@type\":\"SearchAction\",\"target\":{\"@type\":\"EntryPoint\",\"urlTemplate\":\"https:\/\/www.telefonica.co\/en\/?s={search_term_string}\"},\"query-input\":{\"@type\":\"PropertyValueSpecification\",\"valueRequired\":true,\"valueName\":\"search_term_string\"}}],\"inLanguage\":\"en-GB\"}]}<\/script>\n<!-- \/ Yoast SEO Premium plugin. -->","yoast_head_json":{"title":"Telef\u00f3nica Hispam | Telefonica Colombia English","robots":{"index":"index","follow":"follow","max-snippet":"max-snippet:-1","max-image-preview":"max-image-preview:large","max-video-preview":"max-video-preview:-1"},"canonical":"https:\/\/www.telefonica.co\/en\/telefonica-hispam\/","og_locale":"en_GB","og_type":"article","og_title":"Telef\u00f3nica Hispam","og_description":"Significant magnitudes of Telef\u00f3nica Hispam in the second quarter of 2023 Management team M\u00e1s informaci\u00f3n sobre Equipo Directivo Results M\u00e1s informaci\u00f3n sobre Resultados Our operations Argentina M\u00e1s informaci\u00f3n sobre Telef\u00f3nica Argentina Chile M\u00e1s informaci\u00f3n sobre Telef\u00f3nica Chile Colombia M\u00e1s informaci\u00f3n sobre Telef\u00f3nica Colombia Ecuador M\u00e1s informaci\u00f3n sobre Telef\u00f3nica Ecuador M\u00e9xico M\u00e1s informaci\u00f3n sobre Telef\u00f3nica M\u00e9xico [&hellip;]","og_url":"https:\/\/www.telefonica.co\/en\/telefonica-hispam\/","og_site_name":"Telefonica Colombia English","article_published_time":"2023-01-13T08:12:39+01:00","article_modified_time":"2024-06-05T19:49:56+02:00","og_image":[{"width":250,"height":250,"url":"https:\/\/www.telefonica.co\/en\/wp-content\/uploads\/sites\/10\/2024\/03\/LogoTelefonicaAzul.png","type":"image\/png"}],"twitter_card":"summary_large_image","twitter_misc":{"Est. reading time":"1 minute"},"schema":{"@context":"https:\/\/schema.org","@graph":[{"@type":"WebPage","@id":"https:\/\/www.telefonica.co\/en\/telefonica-hispam\/","url":"https:\/\/www.telefonica.co\/en\/telefonica-hispam\/","name":"Telef\u00f3nica Hispam | Telefonica Colombia English","isPartOf":{"@id":"https:\/\/www.telefonica.co\/en\/#website"},"datePublished":"2023-01-13T07:12:39+00:00","dateModified":"2024-06-05T17:49:56+00:00","breadcrumb":{"@id":"https:\/\/www.telefonica.co\/en\/telefonica-hispam\/#breadcrumb"},"inLanguage":"en-GB","potentialAction":[{"@type":"ReadAction","target":["https:\/\/www.telefonica.co\/en\/telefonica-hispam\/"]}]},{"@type":"BreadcrumbList","@id":"https:\/\/www.telefonica.co\/en\/telefonica-hispam\/#breadcrumb","itemListElement":[{"@type":"ListItem","position":1,"name":"Home","item":"https:\/\/www.telefonica.co\/en\/"},{"@type":"ListItem","position":2,"name":"Telef\u00f3nica Hispam"}]},{"@type":"WebSite","@id":"https:\/\/www.telefonica.co\/en\/#website","url":"https:\/\/www.telefonica.co\/en\/","name":"Telefonica Colombia English","description":"","potentialAction":[{"@type":"SearchAction","target":{"@type":"EntryPoint","urlTemplate":"https:\/\/www.telefonica.co\/en\/?s={search_term_string}"},"query-input":{"@type":"PropertyValueSpecification","valueRequired":true,"valueName":"search_term_string"}}],"inLanguage":"en-GB"}]}},"jetpack_sharing_enabled":true,"_links":{"self":[{"href":"https:\/\/www.telefonica.co\/en\/wp-json\/wp\/v2\/pages\/59","targetHints":{"allow":["GET"]}}],"collection":[{"href":"https:\/\/www.telefonica.co\/en\/wp-json\/wp\/v2\/pages"}],"about":[{"href":"https:\/\/www.telefonica.co\/en\/wp-json\/wp\/v2\/types\/page"}],"author":[{"embeddable":true,"href":"https:\/\/www.telefonica.co\/en\/wp-json\/wp\/v2\/users\/6"}],"replies":[{"embeddable":true,"href":"https:\/\/www.telefonica.co\/en\/wp-json\/wp\/v2\/comments?post=59"}],"version-history":[{"count":32,"href":"https:\/\/www.telefonica.co\/en\/wp-json\/wp\/v2\/pages\/59\/revisions"}],"predecessor-version":[{"id":60282,"href":"https:\/\/www.telefonica.co\/en\/wp-json\/wp\/v2\/pages\/59\/revisions\/60282"}],"wp:attachment":[{"href":"https:\/\/www.telefonica.co\/en\/wp-json\/wp\/v2\/media?parent=59"}],"curies":[{"name":"wp","href":"https:\/\/api.w.org\/{rel}","templated":true}]}}