{"id":48709,"date":"2024-05-14T14:22:04","date_gmt":"2024-05-14T19:22:04","guid":{"rendered":"https:\/\/www.telefonica.co\/en\/?page_id=48709"},"modified":"2024-05-23T13:16:23","modified_gmt":"2024-05-23T18:16:23","slug":"digital-transformation-and-agility","status":"publish","type":"page","link":"https:\/\/www.telefonica.co\/en\/digital-transformation-and-agility\/","title":{"rendered":"Digital Transformation and Agility"},"content":{"rendered":"\n<div class=\"quote\">\n    <div class=\"quote__icon\">\n        \n            \n        \n    <\/div>\n    <div class=\"quote__text\">\n        <p>\n\u201cWe have established a workforce specifically focused on driving innovation, creating value not only for our customers and the organization but also for society. This approach goes beyond merely inventing and developing new products; it is about fostering new ways of thinking, operating, and producing. Therefore, it is crucial for us as a Company to continue embedding an Agile culture and mindset into our digital transformation processes. This serves as a management model to energize creation processes with an efficient, dynamic, and disruptive approach. Additionally, we are committed to strengthening our talent&#8217;s digital capabilities through development, training, and recognition programs.\u201d\n        <\/p>\n    <\/div>\n\n    <div>\n        <p> Fabi\u00e1n Hern\u00e1ndez, CEO Telef\u00f3nica Colombia<\/p>\n    <\/div>\n\n    <div class=\"quote__footer\">\n    <div class=\"quote__author\"><\/div><ul class=\"quote__share\">\n<li class=\"list__item\"><a class=\"list__link\" target=\"_blank\" href=\"https:\/\/www.facebook.com\/sharer\/sharer.php?u=https:\/\/www.telefonica.co\/sostenibilidad\/sostenibilidad\/\" rel=\"noopener\"><span class=\"hide-a11y\">facebook<\/span>\n    \n        \n    <\/a><\/li>\n<li class=\"list__item\"><a class=\"list__link\" target=\"_blank\" href=\"https:\/\/www.linkedin.com\/sharing\/share-offsite\/?url=https%3A%2F%2Ftelefonica-hispam.go-vip.net%2Fcolombia%2Fsostenibilidad%2Fsostenibilidad%2F&amp;title=%E2%80%9CCreemos+que+nuestro+deber+es+aprovechar+las+capacidades+de+la+conectividad+y+la+digitalizaci%C3%B3n%2C+no+solo+para+aportar+valor+a+nuestros+clientes%2C+sino+tambi%C3%A9n+para+ayudar+a+afrontar+grandes+retos+como+el+cambio+clim%C3%A1tico%2C+la+desigualdad%2C+la+empleabilid%E2%80%9D+-+\" rel=\"noopener\"><span class=\"hide-a11y\">linkedin<\/span>\n    \n        \n    <\/a><\/li>\n<li class=\"list__item\"><a class=\"list__link\" target=\"_blank\" href=\"https:\/\/twitter.com\/share?text=%E2%80%9CCreemos+que+nuestro+deber+es+aprovechar+las+capacidades+de+la+conectividad+y+la+digitalizaci%C3%B3n%2C+no+solo+para+aportar+valor+a+nuestros+clientes%2C+sino+tambi%C3%A9n+para+ayudar+a+afrontar+grandes+retos+como+el+cambio+clim%C3%A1tico%2C+la+desigualdad%2C+la+empleabilid%E2%80%9D+-+&amp;url=https:\/\/www.telefonica.co\/sostenibilidad\/sostenibilidad\/\" rel=\"noopener\"><span class=\"hide-a11y\">twitter<\/span>\n    \n        \n    <\/a><\/li>\n<\/ul><\/div>\n<\/div>\n\n\n\n<h3 class=\"wp-block-heading\" id=\"h-we-are-a-company-committed-to-transformation-and-evolution\">We are a Company Committed to Transformation and Evolution<\/h3>\n\n\n\n<p>Agility has emerged as a crucial foundation for driving continuous evolution and advancement at Telef\u00f3nica Colombia, marking the onset of substantial transformations in its organizational approach. In this context, agility is not merely a working method but a mindset shift that drives innovation, efficiency, and continuous improvement across all aspects of the business. Through this process, Telef\u00f3nica Colombia has solidified its position as a benchmark in Business Agility, focusing its efforts on digitalization and delivering customer value.<\/p>\n\n\n\n<h3 class=\"wp-block-heading\" id=\"h-agile-and-digital-transformation-journey-in-telefonica-movistar\">Agile and Digital Transformation Journey in Telef\u00f3nica Movistar<\/h3>\n\n\n<div class=\"tf-tab\">\n                <div class=\"tf-tab__header\">\n                    <svg class=\"icon tf-tab__logo\">\n                        <use xlink:href=\"\/wp-content\/themes\/telefonica-theme\/img\/svg\/symbol\/sprite.svg#isotype-text\"><\/use>\n                    <\/svg>\n                    <button class=\"tf-tab__close\" onclick=\"closeTab(this);\">\n                        <svg class=\"icon\">\n                        <use xlink:href=\"\/wp-content\/themes\/telefonica-theme\/img\/svg\/symbol\/sprite.svg#close\"><\/use>\n                        <\/svg>\n                    <\/button>\n                <\/div>\n                <nav class=\"tf-tab__nav\" aria-label=\"Tabs\">\n                    <button class=\"tf-tab__menu\" href=\"#\" onclick=\"openTab(this);\"><span>Abrir menu<\/span>\n                        <svg class=\"icon tf-tab__icon\">\n                        <use xlink:href=\"\/wp-content\/themes\/telefonica-theme\/img\/svg\/symbol\/sprite.svg#filter\"><\/use>\n                        <\/svg>\n                    <\/button>\n                    <ul class=\"tf-tab__list\"><li class=\"tf-tab__item\"><a class=\"tf-tab__link\" href=\"#tab-2016-2019\" role=\"tab\">\n2016-2019 <\/a><\/li><li class=\"tf-tab__item\"><a class=\"tf-tab__link\" href=\"#tab-2020\" role=\"tab\"> \n\n2020 <\/a><\/li><li class=\"tf-tab__item\"><a class=\"tf-tab__link\" href=\"#tab-2021\" role=\"tab\"> \n\n2021 <\/a><\/li><li class=\"tf-tab__item\"><a class=\"tf-tab__link\" href=\"#tab-2022\" role=\"tab\"> \n\n2022 <\/a><\/li><li class=\"tf-tab__item\"><a class=\"tf-tab__link\" href=\"#tab-2023\" role=\"tab\"> \n\n2023 <\/a><\/li><\/ul>\n                <\/nav><div class=\"tf-tab__content\" id=\"tab-2016-2019\">\n                            <p> <div class=\"wp-block-telefonica-tab\">\n\n<div class=\"wp-block-columns is-layout-flex wp-container-core-columns-is-layout-9d6595d7 wp-block-columns-is-layout-flex\">\n<div class=\"wp-block-column is-layout-flow wp-block-column-is-layout-flow\" style=\"flex-basis:66.66%\">\n<p>In <strong>2016<\/strong>, Telef\u00f3nica&#8217;s partners engaged in discussions with the software development team to explore the benefits of agility. Inspired by success stories like Netflix and other companies in the telecommunications sector, they initiated agile cell pilots based on Scrum. This approach led to substantial improvements in delivery times, quality, and customer satisfaction.<\/p>\n\n\n\n<p>By <strong>2018<\/strong>, progress continued, leading to the integration of this model into the organizational strategy. More than 60 agile cells and several Kanban cells were formed to optimize processes. In 2019, the need to drive agility across all areas of the company as part of the organizational culture was highlighted, aiming to innovate, automate, simplify operations, and improve product and service quality.<\/p>\n<\/div>\n\n\n\n<div class=\"wp-block-column is-layout-flow wp-block-column-is-layout-flow\" style=\"flex-basis:50%\"><div class=\"article__img\"><img decoding=\"async\" alt=\"  \" src=\"https:\/\/www.telefonica.co\/en\/wp-content\/uploads\/sites\/10\/2024\/05\/caminoTransformacion-2016-2019_38db18.jpg\" loading=\"lazy\">\n            <div class=\"article__img__footer\"><\/div>\n        <\/div><\/div>\n<\/div>\n\n<\/div> <\/p>\n                        <\/div><div class=\"tf-tab__content\" id=\"tab-2020\">\n                            <p> <div class=\"wp-block-telefonica-tab\">\n\n<div class=\"wp-block-columns is-layout-flex wp-container-core-columns-is-layout-9d6595d7 wp-block-columns-is-layout-flex\">\n<div class=\"wp-block-column is-layout-flow wp-block-column-is-layout-flow\" style=\"flex-basis:66.66%\">\n<p>After more than three years immersed in the agile model, Telef\u00f3nica Colombia embarked on its most ambitious endeavor yet in 2020: the transformation towards Business Agility. This shift was driven by the need to accelerate market response, improve productivity, and focus on the customer. The year concluded with 78 active cells and the training of over 2,000 employees in The New Telefonica Way, thus strengthening the agile mindset.<\/p>\n\n\n\n<p>Additionally, agility became an accelerator of digital transformation, enabling the provision of digital solutions for customer self-management of transactions. Furthermore, 250 initiatives were designed and implemented to develop new products and services, ensuring the security of customer information and the reliability of products and services.<\/p>\n<\/div>\n\n\n\n<div class=\"wp-block-column is-layout-flow wp-block-column-is-layout-flow\" style=\"flex-basis:50%\"><div class=\"article__img\"><img decoding=\"async\" alt=\"  \" src=\"https:\/\/www.telefonica.co\/en\/wp-content\/uploads\/sites\/10\/2024\/05\/AgilidadEmpresarial-2020_4b5a16.jpg\" loading=\"lazy\">\n            <div class=\"article__img__footer\"><\/div>\n        <\/div><\/div>\n<\/div>\n\n<\/div> <\/p>\n                        <\/div><div class=\"tf-tab__content\" id=\"tab-2021\">\n                            <p> <div class=\"wp-block-telefonica-tab\">\n\n<div class=\"wp-block-columns is-layout-flex wp-container-core-columns-is-layout-9d6595d7 wp-block-columns-is-layout-flex\">\n<div class=\"wp-block-column is-layout-flow wp-block-column-is-layout-flow\" style=\"flex-basis:66.66%\">\n<p>The agile operating model was further strengthened, achieving the first design milestone by completing 100% of our transformation blueprint. The roles of Product Owner and Scrum Master were consolidated, and the agile culture was promoted through training programs and growth events in the Digital mindset, enhancing Digital Capabilities in non-digital roles, reaching over 2,500 employees. By this date, the Company had become a benchmark for Business Agility in Colombia.<\/p>\n<\/div>\n\n\n\n<div class=\"wp-block-column is-layout-flow wp-block-column-is-layout-flow\" style=\"flex-basis:50%\"><div class=\"article__img\"><img decoding=\"async\" alt=\"  \" src=\"https:\/\/www.telefonica.co\/en\/wp-content\/uploads\/sites\/10\/2024\/05\/ModeloOperativoAgil-2021_db670e.jpg\" loading=\"lazy\">\n            <div class=\"article__img__footer\"><\/div>\n        <\/div><\/div>\n<\/div>\n\n<\/div> <\/p>\n                        <\/div><div class=\"tf-tab__content\" id=\"tab-2022\">\n                            <p> <div class=\"wp-block-telefonica-tab\">\n\n<div class=\"wp-block-columns is-layout-flex wp-container-core-columns-is-layout-9d6595d7 wp-block-columns-is-layout-flex\">\n<div class=\"wp-block-column is-layout-flow wp-block-column-is-layout-flow\" style=\"flex-basis:66.66%\">\n<p>Telef\u00f3nica Colombia positioned itself as a leader in the implementation of digital technologies and Business Agility. The push for the agile operating model intensified, achieving 15 Trains and 9 Centers of Excellence. The Digital Transformation plan was consolidated, focusing on process automation and customer experience enhancement. The digital maturity index experienced significant growth.<\/p>\n<\/div>\n\n\n\n<div class=\"wp-block-column is-layout-flow wp-block-column-is-layout-flow\" style=\"flex-basis:50%\"><div class=\"article__img\"><img decoding=\"async\" alt=\"  \" src=\"https:\/\/www.telefonica.co\/en\/wp-content\/uploads\/sites\/10\/2024\/05\/TechDigital-2022_c31688.jpg\" loading=\"lazy\">\n            <div class=\"article__img__footer\"><\/div>\n        <\/div><\/div>\n<\/div>\n\n<\/div> <\/p>\n                        <\/div><div class=\"tf-tab__content\" id=\"tab-2023\">\n                            <p> <div class=\"wp-block-telefonica-tab\">\n\n<p><\/p>\n\n\n\n<div class=\"wp-block-columns is-layout-flex wp-container-core-columns-is-layout-9d6595d7 wp-block-columns-is-layout-flex\">\n<div class=\"wp-block-column is-layout-flow wp-block-column-is-layout-flow\" style=\"flex-basis:66.66%\">\n<p>Digital Transformation became part of the company&#8217;s DNA, with over 1,200 employees working within agile structures and more than 600 practicing agile methodologies. The agile and digital mindset was further strengthened by promoting continuous training and creating digital ecosystems to optimize customer experience and improve operational efficiency. These ecosystems include digital platforms, mobile applications, and self-management tools, allowing customers to interact with the company more easily and quickly. Telef\u00f3nica continues to excel in Business Agility in the region, supported by significant improvements in the agile and digital maturity index.<\/p>\n<\/div>\n\n\n\n<div class=\"wp-block-column is-layout-flow wp-block-column-is-layout-flow\" style=\"flex-basis:50%\"><div class=\"article__img\"><img decoding=\"async\" alt=\"  \" src=\"https:\/\/www.telefonica.co\/en\/wp-content\/uploads\/sites\/10\/2024\/05\/TransformacionDigital-2023_281c85.jpg\" loading=\"lazy\">\n            <div class=\"article__img__footer\"><\/div>\n        <\/div><\/div>\n<\/div>\n\n<\/div> <\/p>\n                        <\/div><\/div>\n\n\n<div class=\"wp-block-columns is-layout-flex wp-container-core-columns-is-layout-9d6595d7 wp-block-columns-is-layout-flex\">\n<div class=\"wp-block-column is-layout-flow wp-block-column-is-layout-flow\" style=\"flex-basis:50%\"><div class=\"article__img\"><img decoding=\"async\" alt=\"  \" src=\"https:\/\/www.telefonica.co\/wp-content\/uploads\/sites\/4\/2024\/05\/WorkMeeting.jpg\" loading=\"lazy\">\n            <div class=\"article__img__footer\"><\/div>\n        <\/div><\/div>\n\n\n\n<div class=\"wp-block-column is-layout-flow wp-block-column-is-layout-flow\" style=\"flex-basis:50%\">\n<p class=\"has-large-font-size\" style=\"font-style:normal;font-weight:600\">We forge an innovative and Agile future for our clients<\/p>\n\n\n\n<p>Currently, we persist in driving Business Agility, with a focus on digitalization and delivering value to the customer. Every step we take, every innovation we propel is guided by the desire to enhance the lives of our clients and communities. We will continue to work tirelessly to fulfill our mission, leveraging agility and innovation to deliver solutions that make a difference in the lives of our users. Together, we are building a more human, connected, and brighter future for all.<\/p>\n<\/div>\n<\/div>\n","protected":false},"excerpt":{"rendered":"<p>\u201cWe have established a workforce specifically focused on driving innovation, creating value not only for our customers and the organization but also for society. This approach goes beyond merely inventing and developing new products; it is about fostering new ways of thinking, operating, and producing. Therefore, it is crucial for us as a Company to [&hellip;]<\/p>\n","protected":false},"author":5,"featured_media":0,"parent":0,"menu_order":0,"comment_status":"closed","ping_status":"closed","template":"","meta":{"_acf_changed":false,"_relevanssi_hide_post":"","_relevanssi_pin_for_all":"","_relevanssi_pin_keywords":"","_relevanssi_unpin_keywords":"","_relevanssi_related_keywords":"","_relevanssi_related_include_ids":"","_relevanssi_related_exclude_ids":"","_relevanssi_related_no_append":"","_relevanssi_related_not_related":"","_relevanssi_related_posts":"456,717,554,721,861,685","_relevanssi_noindex_reason":"","footnotes":""},"class_list":["post-48709","page","type-page","status-publish","hentry"],"acf":[],"yoast_head":"<!-- This site is optimized with the Yoast SEO Premium plugin v20.0 (Yoast SEO v27.3) - https:\/\/yoast.com\/product\/yoast-seo-premium-wordpress\/ -->\n<title>Digital transformation and agility<\/title>\n<meta name=\"description\" content=\"Agility has emerged as a crucial foundation for driving evolution and constant advancement at Telef\u00f3nica Colombia\" \/>\n<meta name=\"robots\" content=\"index, follow, max-snippet:-1, max-image-preview:large, max-video-preview:-1\" \/>\n<link rel=\"canonical\" href=\"https:\/\/www.telefonica.co\/en\/digital-transformation-and-agility\/\" \/>\n<meta property=\"og:locale\" content=\"en_GB\" \/>\n<meta property=\"og:type\" content=\"article\" \/>\n<meta property=\"og:title\" content=\"Digital Transformation and Agility\" \/>\n<meta property=\"og:description\" content=\"Agility has emerged as a crucial foundation for driving evolution and constant advancement at Telef\u00f3nica Colombia\" \/>\n<meta property=\"og:url\" content=\"https:\/\/www.telefonica.co\/en\/digital-transformation-and-agility\/\" \/>\n<meta property=\"og:site_name\" content=\"Telefonica Colombia English\" \/>\n<meta property=\"article:published_time\" content=\"2024-05-14T21:22:04+02:00\" \/>\n<meta property=\"article:modified_time\" content=\"2024-05-23T20:16:23+02:00\" \/>\n<meta property=\"og:image\" content=\"https:\/\/www.telefonica.co\/en\/wp-content\/uploads\/sites\/10\/2024\/03\/LogoTelefonicaAzul.png\" \/>\n\t<meta property=\"og:image:width\" content=\"250\" \/>\n\t<meta property=\"og:image:height\" content=\"250\" \/>\n\t<meta property=\"og:image:type\" content=\"image\/png\" \/>\n<meta name=\"twitter:card\" content=\"summary_large_image\" \/>\n<meta name=\"twitter:label1\" content=\"Est. reading time\" \/>\n\t<meta name=\"twitter:data1\" content=\"4 minutes\" \/>\n<script type=\"application\/ld+json\" class=\"yoast-schema-graph\">{\"@context\":\"https:\\\/\\\/schema.org\",\"@graph\":[{\"@type\":\"WebPage\",\"@id\":\"https:\\\/\\\/www.telefonica.co\\\/en\\\/digital-transformation-and-agility\\\/\",\"url\":\"https:\\\/\\\/www.telefonica.co\\\/en\\\/digital-transformation-and-agility\\\/\",\"name\":\"Digital transformation and agility\",\"isPartOf\":{\"@id\":\"https:\\\/\\\/www.telefonica.co\\\/en\\\/#website\"},\"datePublished\":\"2024-05-14T19:22:04+00:00\",\"dateModified\":\"2024-05-23T18:16:23+00:00\",\"description\":\"Agility has emerged as a crucial foundation for driving evolution and constant advancement at Telef\u00f3nica Colombia\",\"breadcrumb\":{\"@id\":\"https:\\\/\\\/www.telefonica.co\\\/en\\\/digital-transformation-and-agility\\\/#breadcrumb\"},\"inLanguage\":\"en-GB\",\"potentialAction\":[{\"@type\":\"ReadAction\",\"target\":[\"https:\\\/\\\/www.telefonica.co\\\/en\\\/digital-transformation-and-agility\\\/\"]}]},{\"@type\":\"BreadcrumbList\",\"@id\":\"https:\\\/\\\/www.telefonica.co\\\/en\\\/digital-transformation-and-agility\\\/#breadcrumb\",\"itemListElement\":[{\"@type\":\"ListItem\",\"position\":1,\"name\":\"Home\",\"item\":\"https:\\\/\\\/www.telefonica.co\\\/en\\\/\"},{\"@type\":\"ListItem\",\"position\":2,\"name\":\"Digital Transformation and Agility\"}]},{\"@type\":\"WebSite\",\"@id\":\"https:\\\/\\\/www.telefonica.co\\\/en\\\/#website\",\"url\":\"https:\\\/\\\/www.telefonica.co\\\/en\\\/\",\"name\":\"Telefonica Colombia English\",\"description\":\"\",\"potentialAction\":[{\"@type\":\"SearchAction\",\"target\":{\"@type\":\"EntryPoint\",\"urlTemplate\":\"https:\\\/\\\/www.telefonica.co\\\/en\\\/?s={search_term_string}\"},\"query-input\":{\"@type\":\"PropertyValueSpecification\",\"valueRequired\":true,\"valueName\":\"search_term_string\"}}],\"inLanguage\":\"en-GB\"}]}<\/script>\n<!-- \/ Yoast SEO Premium plugin. -->","yoast_head_json":{"title":"Digital transformation and agility","description":"Agility has emerged as a crucial foundation for driving evolution and constant advancement at Telef\u00f3nica Colombia","robots":{"index":"index","follow":"follow","max-snippet":"max-snippet:-1","max-image-preview":"max-image-preview:large","max-video-preview":"max-video-preview:-1"},"canonical":"https:\/\/www.telefonica.co\/en\/digital-transformation-and-agility\/","og_locale":"en_GB","og_type":"article","og_title":"Digital Transformation and Agility","og_description":"Agility has emerged as a crucial foundation for driving evolution and constant advancement at Telef\u00f3nica Colombia","og_url":"https:\/\/www.telefonica.co\/en\/digital-transformation-and-agility\/","og_site_name":"Telefonica Colombia English","article_published_time":"2024-05-14T21:22:04+02:00","article_modified_time":"2024-05-23T20:16:23+02:00","og_image":[{"width":250,"height":250,"url":"https:\/\/www.telefonica.co\/en\/wp-content\/uploads\/sites\/10\/2024\/03\/LogoTelefonicaAzul.png","type":"image\/png"}],"twitter_card":"summary_large_image","twitter_misc":{"Est. reading time":"4 minutes"},"schema":{"@context":"https:\/\/schema.org","@graph":[{"@type":"WebPage","@id":"https:\/\/www.telefonica.co\/en\/digital-transformation-and-agility\/","url":"https:\/\/www.telefonica.co\/en\/digital-transformation-and-agility\/","name":"Digital transformation and agility","isPartOf":{"@id":"https:\/\/www.telefonica.co\/en\/#website"},"datePublished":"2024-05-14T19:22:04+00:00","dateModified":"2024-05-23T18:16:23+00:00","description":"Agility has emerged as a crucial foundation for driving evolution and constant advancement at Telef\u00f3nica Colombia","breadcrumb":{"@id":"https:\/\/www.telefonica.co\/en\/digital-transformation-and-agility\/#breadcrumb"},"inLanguage":"en-GB","potentialAction":[{"@type":"ReadAction","target":["https:\/\/www.telefonica.co\/en\/digital-transformation-and-agility\/"]}]},{"@type":"BreadcrumbList","@id":"https:\/\/www.telefonica.co\/en\/digital-transformation-and-agility\/#breadcrumb","itemListElement":[{"@type":"ListItem","position":1,"name":"Home","item":"https:\/\/www.telefonica.co\/en\/"},{"@type":"ListItem","position":2,"name":"Digital Transformation and Agility"}]},{"@type":"WebSite","@id":"https:\/\/www.telefonica.co\/en\/#website","url":"https:\/\/www.telefonica.co\/en\/","name":"Telefonica Colombia English","description":"","potentialAction":[{"@type":"SearchAction","target":{"@type":"EntryPoint","urlTemplate":"https:\/\/www.telefonica.co\/en\/?s={search_term_string}"},"query-input":{"@type":"PropertyValueSpecification","valueRequired":true,"valueName":"search_term_string"}}],"inLanguage":"en-GB"}]}},"jetpack_sharing_enabled":true,"_links":{"self":[{"href":"https:\/\/www.telefonica.co\/en\/wp-json\/wp\/v2\/pages\/48709","targetHints":{"allow":["GET"]}}],"collection":[{"href":"https:\/\/www.telefonica.co\/en\/wp-json\/wp\/v2\/pages"}],"about":[{"href":"https:\/\/www.telefonica.co\/en\/wp-json\/wp\/v2\/types\/page"}],"author":[{"embeddable":true,"href":"https:\/\/www.telefonica.co\/en\/wp-json\/wp\/v2\/users\/5"}],"replies":[{"embeddable":true,"href":"https:\/\/www.telefonica.co\/en\/wp-json\/wp\/v2\/comments?post=48709"}],"version-history":[{"count":21,"href":"https:\/\/www.telefonica.co\/en\/wp-json\/wp\/v2\/pages\/48709\/revisions"}],"predecessor-version":[{"id":48762,"href":"https:\/\/www.telefonica.co\/en\/wp-json\/wp\/v2\/pages\/48709\/revisions\/48762"}],"wp:attachment":[{"href":"https:\/\/www.telefonica.co\/en\/wp-json\/wp\/v2\/media?parent=48709"}],"curies":[{"name":"wp","href":"https:\/\/api.w.org\/{rel}","templated":true}]}}