{"id":232,"date":"2023-01-16T17:15:28","date_gmt":"2023-01-16T17:15:28","guid":{"rendered":"https:\/\/www.telefonica.co\/?page_id=232"},"modified":"2023-02-14T13:13:19","modified_gmt":"2023-02-14T13:13:19","slug":"recursos-humanos","status":"publish","type":"page","link":"https:\/\/www.telefonica.co\/en\/contact-us\/recursos-humanos\/","title":{"rendered":"Recursos Humanos"},"content":{"rendered":"\n<h3 class=\"wp-block-heading\">Certificado Laboral para empleados retirados<\/h3>\n\n\n\n<p>Si eres ex colaborador(a) de Fundaci\u00f3n Telef\u00f3nica y Telef\u00f3nica Colombia (incluidas las fusiones de Trunking, Uni\u00f3n Temporal, Cocelco, Celum\u00f3vil, Rey Ru\u00edz, Telef\u00f3nica Data, Bellsouth, Telef\u00f3nica M\u00f3viles Colombia y Colombia Telecomunicaciones), a trav\u00e9s de este correo <a href=\"mailto:atencionexcolaborador@gesnext.com\">atencionexcolaborador@gesnext.com<\/a>, se podr\u00e1n hacer las siguientes solicitudes: certificados laborales, certificados de ingresos y retenciones a partir del a\u00f1o 2012, certificados de seguridad social a partir de agosto de 2006, certificados ARL estudiantes y aprendices, entre otros.<\/p>\n\n\n\n<p>De acuerdo con el tipo de certificado se deben diligenciar los campos relacionados en la siguiente tabla, los cuales est\u00e1n contenidos en el <strong>Formato<\/strong>, que se debe anexar a la solicitud.<\/p>\n\n\n\n<figure class=\"wp-block-table\"><table><tbody><tr><td><strong>Tipo de Certificados CAE<\/strong><\/td><td><strong>Empresa con la que trabaj\u00f3 el solicitante<\/strong><\/td><td><strong>N\u00famero de c\u00e9dula del solicitante<\/strong><\/td><td><strong>Correo electr\u00f3nico del solicitante<\/strong><\/td><td><strong>N\u00famero celular del solicitante<\/strong><\/td><td><strong>Con salario S\u00ed\/No<\/strong><\/td><td><strong>Motivo de retiro del solicitante<\/strong><\/td><td><strong>Dirigido a:<\/strong><\/td><\/tr><tr><td>Certificado laboral: nombres, apellidos, c\u00e9dula, cargo, fecha de ingreso\/retiro<\/td><td>X<\/td><td>X<\/td><td>X<\/td><td>X<\/td><td>X<\/td><td>X<\/td><td>X<\/td><\/tr><tr><td>Certificado de ingresos y retenciones a partir del a\u00f1o 2012<\/td><td>X<\/td><td>X<\/td><td>X<\/td><td>X<\/td><td>N\/A<\/td><td>N\/A<\/td><td>N\/A<\/td><\/tr><tr><td>Certificados de mi planilla seguridad social a partir de agosto de 2006<\/td><td>X<\/td><td>X<\/td><td>X<\/td><td>X<\/td><td>N\/A<\/td><td>N\/A<\/td><td>N\/A<\/td><\/tr><tr><td>Certificados ARL estudiantes y aprendices<\/td><td>X<\/td><td>X<\/td><td>X<\/td><td>X<\/td><td>N\/A<\/td><td>N\/A<\/td><td>N\/A<\/td><\/tr><\/tbody><\/table><\/figure>\n\n\n<div class=\"tlf-spaces mb--70 \">  <\/div>\n\n\n<p><strong>Nota: <\/strong>Si trabajaste con la antigua Telecom, antes 27 de julio del a\u00f1o 2003, debes llamar al Patrimonio Aut\u00f3nomo de Remanentes a los tel\u00e9fonos +57 6012841045 y 6012841046.<\/p>\n\n\n\n<h3 class=\"wp-block-heading\">Procesos de selecci\u00f3n de personal<\/h3>\n\n\n\n<p>Correo: <a href=\"mailto:masoportunidadades.colombia@telefonica.com\">masoportunidadades.colombia@telefonica.com<\/a><\/p>\n","protected":false},"excerpt":{"rendered":"<p>Certificado Laboral para empleados retirados Si eres ex colaborador(a) de Fundaci\u00f3n Telef\u00f3nica y Telef\u00f3nica Colombia (incluidas las fusiones de Trunking, Uni\u00f3n Temporal, Cocelco, Celum\u00f3vil, Rey Ru\u00edz, Telef\u00f3nica Data, Bellsouth, Telef\u00f3nica M\u00f3viles Colombia y Colombia Telecomunicaciones), a trav\u00e9s de este correo atencionexcolaborador@gesnext.com, se podr\u00e1n hacer las siguientes solicitudes: certificados laborales, certificados de ingresos y retenciones a [&hellip;]<\/p>\n","protected":false},"author":6,"featured_media":0,"parent":44,"menu_order":0,"comment_status":"closed","ping_status":"closed","template":"","meta":{"_acf_changed":false,"_relevanssi_hide_post":"","_relevanssi_pin_for_all":"","_relevanssi_pin_keywords":"","_relevanssi_unpin_keywords":"","_relevanssi_related_keywords":"","_relevanssi_related_include_ids":"","_relevanssi_related_exclude_ids":"","_relevanssi_related_no_append":"","_relevanssi_related_not_related":"","_relevanssi_related_posts":"725,709,721,841,910,837","_relevanssi_noindex_reason":"","footnotes":""},"class_list":["post-232","page","type-page","status-publish","hentry"],"acf":[],"yoast_head":"<!-- This site is optimized with the Yoast SEO Premium plugin v20.0 (Yoast SEO v27.4) - https:\/\/yoast.com\/product\/yoast-seo-premium-wordpress\/ -->\n<title>Recursos Humanos | Telefonica Colombia English<\/title>\n<meta name=\"robots\" content=\"index, follow, max-snippet:-1, max-image-preview:large, max-video-preview:-1\" \/>\n<link rel=\"canonical\" href=\"https:\/\/www.telefonica.co\/en\/contact-us\/recursos-humanos\/\" \/>\n<meta property=\"og:locale\" content=\"en_GB\" \/>\n<meta property=\"og:type\" content=\"article\" \/>\n<meta property=\"og:title\" content=\"Recursos Humanos\" \/>\n<meta property=\"og:description\" content=\"Certificado Laboral para empleados retirados Si eres ex colaborador(a) de Fundaci\u00f3n Telef\u00f3nica y Telef\u00f3nica Colombia (incluidas las fusiones de Trunking, Uni\u00f3n Temporal, Cocelco, Celum\u00f3vil, Rey Ru\u00edz, Telef\u00f3nica Data, Bellsouth, Telef\u00f3nica M\u00f3viles Colombia y Colombia Telecomunicaciones), a trav\u00e9s de este correo atencionexcolaborador@gesnext.com, se podr\u00e1n hacer las siguientes solicitudes: certificados laborales, certificados de ingresos y retenciones a [&hellip;]\" \/>\n<meta property=\"og:url\" content=\"https:\/\/www.telefonica.co\/en\/contact-us\/recursos-humanos\/\" \/>\n<meta property=\"og:site_name\" content=\"Telefonica Colombia English\" \/>\n<meta property=\"article:published_time\" content=\"2023-01-16T18:15:28+01:00\" \/>\n<meta property=\"article:modified_time\" content=\"2023-02-14T14:13:19+01:00\" \/>\n<meta property=\"og:image\" content=\"https:\/\/www.telefonica.co\/en\/wp-content\/uploads\/sites\/10\/2024\/03\/LogoTelefonicaAzul.png\" \/>\n\t<meta property=\"og:image:width\" content=\"250\" \/>\n\t<meta property=\"og:image:height\" content=\"250\" \/>\n\t<meta property=\"og:image:type\" content=\"image\/png\" \/>\n<meta name=\"twitter:card\" content=\"summary_large_image\" \/>\n<meta name=\"twitter:label1\" content=\"Est. reading time\" \/>\n\t<meta name=\"twitter:data1\" content=\"1 minute\" \/>\n<script type=\"application\/ld+json\" class=\"yoast-schema-graph\">{\"@context\":\"https:\\\/\\\/schema.org\",\"@graph\":[{\"@type\":\"WebPage\",\"@id\":\"https:\\\/\\\/www.telefonica.co\\\/en\\\/contact-us\\\/recursos-humanos\\\/\",\"url\":\"https:\\\/\\\/www.telefonica.co\\\/en\\\/contact-us\\\/recursos-humanos\\\/\",\"name\":\"Recursos Humanos | Telefonica Colombia English\",\"isPartOf\":{\"@id\":\"https:\\\/\\\/www.telefonica.co\\\/en\\\/#website\"},\"datePublished\":\"2023-01-16T17:15:28+00:00\",\"dateModified\":\"2023-02-14T13:13:19+00:00\",\"breadcrumb\":{\"@id\":\"https:\\\/\\\/www.telefonica.co\\\/en\\\/contact-us\\\/recursos-humanos\\\/#breadcrumb\"},\"inLanguage\":\"en-GB\",\"potentialAction\":[{\"@type\":\"ReadAction\",\"target\":[\"https:\\\/\\\/www.telefonica.co\\\/en\\\/contact-us\\\/recursos-humanos\\\/\"]}]},{\"@type\":\"BreadcrumbList\",\"@id\":\"https:\\\/\\\/www.telefonica.co\\\/en\\\/contact-us\\\/recursos-humanos\\\/#breadcrumb\",\"itemListElement\":[{\"@type\":\"ListItem\",\"position\":1,\"name\":\"Home\",\"item\":\"https:\\\/\\\/www.telefonica.co\\\/en\\\/\"},{\"@type\":\"ListItem\",\"position\":2,\"name\":\"Contact us\",\"item\":\"https:\\\/\\\/www.telefonica.co\\\/en\\\/contact-us\\\/\"},{\"@type\":\"ListItem\",\"position\":3,\"name\":\"Recursos Humanos\"}]},{\"@type\":\"WebSite\",\"@id\":\"https:\\\/\\\/www.telefonica.co\\\/en\\\/#website\",\"url\":\"https:\\\/\\\/www.telefonica.co\\\/en\\\/\",\"name\":\"Telefonica Colombia English\",\"description\":\"\",\"potentialAction\":[{\"@type\":\"SearchAction\",\"target\":{\"@type\":\"EntryPoint\",\"urlTemplate\":\"https:\\\/\\\/www.telefonica.co\\\/en\\\/?s={search_term_string}\"},\"query-input\":{\"@type\":\"PropertyValueSpecification\",\"valueRequired\":true,\"valueName\":\"search_term_string\"}}],\"inLanguage\":\"en-GB\"}]}<\/script>\n<!-- \/ Yoast SEO Premium plugin. -->","yoast_head_json":{"title":"Recursos Humanos | Telefonica Colombia English","robots":{"index":"index","follow":"follow","max-snippet":"max-snippet:-1","max-image-preview":"max-image-preview:large","max-video-preview":"max-video-preview:-1"},"canonical":"https:\/\/www.telefonica.co\/en\/contact-us\/recursos-humanos\/","og_locale":"en_GB","og_type":"article","og_title":"Recursos Humanos","og_description":"Certificado Laboral para empleados retirados Si eres ex colaborador(a) de Fundaci\u00f3n Telef\u00f3nica y Telef\u00f3nica Colombia (incluidas las fusiones de Trunking, Uni\u00f3n Temporal, Cocelco, Celum\u00f3vil, Rey Ru\u00edz, Telef\u00f3nica Data, Bellsouth, Telef\u00f3nica M\u00f3viles Colombia y Colombia Telecomunicaciones), a trav\u00e9s de este correo atencionexcolaborador@gesnext.com, se podr\u00e1n hacer las siguientes solicitudes: certificados laborales, certificados de ingresos y retenciones a [&hellip;]","og_url":"https:\/\/www.telefonica.co\/en\/contact-us\/recursos-humanos\/","og_site_name":"Telefonica Colombia English","article_published_time":"2023-01-16T18:15:28+01:00","article_modified_time":"2023-02-14T14:13:19+01:00","og_image":[{"width":250,"height":250,"url":"https:\/\/www.telefonica.co\/en\/wp-content\/uploads\/sites\/10\/2024\/03\/LogoTelefonicaAzul.png","type":"image\/png"}],"twitter_card":"summary_large_image","twitter_misc":{"Est. reading time":"1 minute"},"schema":{"@context":"https:\/\/schema.org","@graph":[{"@type":"WebPage","@id":"https:\/\/www.telefonica.co\/en\/contact-us\/recursos-humanos\/","url":"https:\/\/www.telefonica.co\/en\/contact-us\/recursos-humanos\/","name":"Recursos Humanos | Telefonica Colombia English","isPartOf":{"@id":"https:\/\/www.telefonica.co\/en\/#website"},"datePublished":"2023-01-16T17:15:28+00:00","dateModified":"2023-02-14T13:13:19+00:00","breadcrumb":{"@id":"https:\/\/www.telefonica.co\/en\/contact-us\/recursos-humanos\/#breadcrumb"},"inLanguage":"en-GB","potentialAction":[{"@type":"ReadAction","target":["https:\/\/www.telefonica.co\/en\/contact-us\/recursos-humanos\/"]}]},{"@type":"BreadcrumbList","@id":"https:\/\/www.telefonica.co\/en\/contact-us\/recursos-humanos\/#breadcrumb","itemListElement":[{"@type":"ListItem","position":1,"name":"Home","item":"https:\/\/www.telefonica.co\/en\/"},{"@type":"ListItem","position":2,"name":"Contact us","item":"https:\/\/www.telefonica.co\/en\/contact-us\/"},{"@type":"ListItem","position":3,"name":"Recursos Humanos"}]},{"@type":"WebSite","@id":"https:\/\/www.telefonica.co\/en\/#website","url":"https:\/\/www.telefonica.co\/en\/","name":"Telefonica Colombia English","description":"","potentialAction":[{"@type":"SearchAction","target":{"@type":"EntryPoint","urlTemplate":"https:\/\/www.telefonica.co\/en\/?s={search_term_string}"},"query-input":{"@type":"PropertyValueSpecification","valueRequired":true,"valueName":"search_term_string"}}],"inLanguage":"en-GB"}]}},"jetpack_sharing_enabled":true,"_links":{"self":[{"href":"https:\/\/www.telefonica.co\/en\/wp-json\/wp\/v2\/pages\/232","targetHints":{"allow":["GET"]}}],"collection":[{"href":"https:\/\/www.telefonica.co\/en\/wp-json\/wp\/v2\/pages"}],"about":[{"href":"https:\/\/www.telefonica.co\/en\/wp-json\/wp\/v2\/types\/page"}],"author":[{"embeddable":true,"href":"https:\/\/www.telefonica.co\/en\/wp-json\/wp\/v2\/users\/6"}],"replies":[{"embeddable":true,"href":"https:\/\/www.telefonica.co\/en\/wp-json\/wp\/v2\/comments?post=232"}],"version-history":[{"count":4,"href":"https:\/\/www.telefonica.co\/en\/wp-json\/wp\/v2\/pages\/232\/revisions"}],"predecessor-version":[{"id":2556,"href":"https:\/\/www.telefonica.co\/en\/wp-json\/wp\/v2\/pages\/232\/revisions\/2556"}],"up":[{"embeddable":true,"href":"https:\/\/www.telefonica.co\/en\/wp-json\/wp\/v2\/pages\/44"}],"wp:attachment":[{"href":"https:\/\/www.telefonica.co\/en\/wp-json\/wp\/v2\/media?parent=232"}],"curies":[{"name":"wp","href":"https:\/\/api.w.org\/{rel}","templated":true}]}}