{"id":20,"date":"2023-01-12T15:42:50","date_gmt":"2023-01-12T20:42:50","guid":{"rendered":"https:\/\/www.telefonica.co\/?page_id=20"},"modified":"2026-01-29T19:52:49","modified_gmt":"2026-01-30T00:52:49","slug":"about-us","status":"publish","type":"page","link":"https:\/\/www.telefonica.co\/en\/about-us\/","title":{"rendered":"About us"},"content":{"rendered":"\n<div class=\"wp-block-columns is-layout-flex wp-container-core-columns-is-layout-9d6595d7 wp-block-columns-is-layout-flex\">\n<div class=\"wp-block-column is-layout-flow wp-block-column-is-layout-flow\"><div class=\"block block--v\">\n                <div class=\"block__text\">\n                <h3 class=\"block__title heading-4\">Telef\u00f3nica Hispam<\/h3>\n                <div class=\"block__desc\">The holding company that groups operations in Argentina, Chile, Colombia, Ecuador, Peru, Mexico, Uruguay and\nVenezuela.<\/div><a class=\"block__link\" href=\"https:\/\/www.telefonica.co\/en\/telefonica-hispam\/\"><span class=\"hide-a11y\">M\u00e1s informaci\u00f3n sobre Telef\u00f3nica Hispam<\/span><span class=\"block__opacity\"><\/span><span class=\"cta cta--white-arrow\"><\/span><\/a>\n                <\/div>\n                <div class=\"block__image\" role=\"img\" aria-label=\"\" style=\"background-position: 50% 50% ;background-image: url(https:\/\/www.telefonica.co\/wp-content\/uploads\/sites\/4\/2023\/01\/Telefonica-en-Hispam.jpg)\"><\/div>\n            <\/div><\/div>\n\n\n\n<div class=\"wp-block-column is-layout-flow wp-block-column-is-layout-flow\"><div class=\"block block--v\">\n                <div class=\"block__text\">\n                <h3 class=\"block__title heading-4\">Telef\u00f3nica Colombia<\/h3>\n                <div class=\"block__desc\">Know about our main operating and financial indicators in Colombia.<\/div><a class=\"block__link\" href=\"https:\/\/www.telefonica.co\/en\/about-us\/telefonica-colombia\/\"><span class=\"hide-a11y\">M\u00e1s informaci\u00f3n sobre Telef\u00f3nica Colombia<\/span><span class=\"block__opacity\"><\/span><span class=\"cta cta--white-arrow\"><\/span><\/a>\n                <\/div>\n                <div class=\"block__image\" role=\"img\" aria-label=\"\" style=\"background-position: 50% 50% ;background-image: url(https:\/\/www.telefonica.co\/wp-content\/uploads\/sites\/4\/2023\/01\/Telefonica-en-Colombia.jpg)\"><\/div>\n            <\/div><\/div>\n<\/div>\n\n\n\n<div class=\"wp-block-columns is-layout-flex wp-container-core-columns-is-layout-9d6595d7 wp-block-columns-is-layout-flex\">\n<div class=\"wp-block-column is-layout-flow wp-block-column-is-layout-flow\">\n<div class=\"block block--v\">\n                <div class=\"block__text\">\n                <h3 class=\"block__title heading-4\">Business Principles and Policies<\/h3>\n                <div class=\"block__desc\">Our Business Principles govern everything we do and say, they are our code of ethics. <\/div><a class=\"block__link\" href=\"https:\/\/www.telefonica.com\/en\/sustainability-innovation\/how-we-work\/business-principles\/\" target=\"_blank\" rel=\"noopener\"><span class=\"hide-a11y\">M\u00e1s informaci\u00f3n sobre Business Principles and Policies<\/span><span class=\"block__opacity\"><\/span><span class=\"cta cta--link\"><\/span><\/a>\n                <\/div>\n                <div class=\"block__image\" role=\"img\" aria-label=\"\" style=\"background-position: 50% 50%;background-image: url(https:\/\/www.telefonica.co\/en\/wp-content\/uploads\/sites\/4\/2023\/01\/Principios-de-Negocio-Responsable.jpg)\"><\/div>\n            <\/div>\n<\/div>\n\n\n\n<div class=\"wp-block-column is-layout-flow wp-block-column-is-layout-flow\"><div class=\"block block--v\">\n                <div class=\"block__text\">\n                <h3 class=\"block__title heading-4\">Annual report<\/h3>\n                <div class=\"block__desc\">Consult the Responsible Management Reports of Telef\u00f3nica Colombia for recent years.<\/div><a class=\"block__link\" href=\"https:\/\/www.telefonica.co\/en\/about-us\/annual-report\/\"><span class=\"hide-a11y\">M\u00e1s informaci\u00f3n sobre Annual report<\/span><span class=\"block__opacity\"><\/span><span class=\"cta cta--white-arrow\"><\/span><\/a>\n                <\/div>\n                <div class=\"block__image\" role=\"img\" aria-label=\"\" style=\"background-position: 50% 50% ;background-image: url(https:\/\/www.telefonica.co\/wp-content\/uploads\/sites\/4\/2023\/01\/Informe-anual.jpg)\"><\/div>\n            <\/div><\/div>\n<\/div>\n\n\n\n<div class=\"wp-block-columns is-layout-flex wp-container-core-columns-is-layout-9d6595d7 wp-block-columns-is-layout-flex\">\n<div class=\"wp-block-column is-layout-flow wp-block-column-is-layout-flow\"><div class=\"block block--v\">\n                <div class=\"block__text\">\n                <h3 class=\"block__title heading-4\">Mision<\/h3>\n                <div class=\"block__desc\">Deliver the <strong>best digital experience<\/strong> to all our customers<\/div><a class=\"block__link\" href=\"https:\/\/www.telefonica.co\/en\/about-us\/mision\/\"><span class=\"hide-a11y\">M\u00e1s informaci\u00f3n sobre Mision<\/span><span class=\"block__opacity\"><\/span><span class=\"cta cta--white-arrow\"><\/span><\/a>\n                <\/div>\n                <div class=\"block__image\" role=\"img\" aria-label=\"\" style=\"background-position: 50% 50% ;background-image: url(https:\/\/www.telefonica.co\/en\/wp-content\/uploads\/sites\/10\/2026\/01\/mision.webp)\"><\/div>\n            <\/div><\/div>\n\n\n\n<div class=\"wp-block-column is-layout-flow wp-block-column-is-layout-flow\">\n<div class=\"block block--v\">\n                <div class=\"block__text\">\n                <h3 class=\"block__title heading-4\">Contractual Policies for Suppliers and Marketers<\/h3>\n                <div class=\"block__desc\">Check here the contractual policies that apply to our suppliers and vendors.\n\t\t<\/div>\n<a class=\"block__link\" href=\"https:\/\/www.telefonica.co\/en\/about-us\/contractual-policies-for-suppliers-and-marketers\/\" target=\"_blank\" rel=\"noopener\"><span class=\"hide-a11y\">Check here the contractual policies that apply to our suppliers and vendors.<\/span><span class=\"block__opacity\"><\/span><span class=\"cta cta--link\"><\/span><\/a>\n                <\/div>\n                <div class=\"block__image\" role=\"img\" aria-label=\"\" style=\"background-position: 50% 50%;background-image: url(https:\/\/www.telefonica.co\/en\/wp-content\/uploads\/sites\/4\/2023\/03\/politicsaContractualesProveedoresComercializadores.jpg)\"><\/div>\n            <\/div>\n<\/div>\n<\/div>\n\n\n<div class=\"tlf-spaces mb--70 \">  <\/div>\n\n<div class=\"box box--2col\">\n                <div class=\"box__left\">\n                    <div class=\"box__title\">\n                        <svg class=\"icon\">\n                            <use xlink:href=\"\/wp-content\/themes\/telefonica-theme\/img\/svg\/symbol\/sprite.svg#mail\"><\/use>\n                        <\/svg>\n                        <h2 class=\"heading-6\">Inquiries and complaints channel<\/h2>\n                    <\/div>\n                    <p>We will answer your questions about compliance with our Responsible Business Principles<\/p>\n                <\/div>\n                <div class=\"box__right\">\n                    <div class=\"box__content\">\n                        <a href=\"https:\/\/www.telefonica.co\/en\/about-us\/inquiries-and-complaints-channel\/?noredirect=en-US\"  onclick=\"dataLayer.push({'event': 'gaEvent', 'eventCategory': 'contacto prensa', 'eventAction' : 'contacto', 'eventLabel' : 'https:\/\/www.telefonica.co\/en\/about-us\/inquiries-and-complaints-channel\/?noredirect=en-US' });\"  class=\"button button--third\">Contact<\/a>\n                    <\/div>\n                <\/div>\n        <\/div>\n\n<div class=\"tlf-spaces mb--100 \">  <\/div>","protected":false},"excerpt":{"rendered":"<p>Business Principles and Policies Our Business Principles govern everything we do and say, they are our code of ethics. M\u00e1s informaci\u00f3n sobre Business Principles and Policies Contractual Policies for Suppliers and Marketers Check here the contractual policies that apply to our suppliers and vendors. Check here the contractual policies that apply to our suppliers and [&hellip;]<\/p>\n","protected":false},"author":6,"featured_media":0,"parent":0,"menu_order":0,"comment_status":"closed","ping_status":"closed","template":"","meta":{"_acf_changed":false,"_relevanssi_hide_post":"","_relevanssi_pin_for_all":"","_relevanssi_pin_keywords":"","_relevanssi_unpin_keywords":"","_relevanssi_related_keywords":"","_relevanssi_related_include_ids":"","_relevanssi_related_exclude_ids":"","_relevanssi_related_no_append":"","_relevanssi_related_not_related":"","_relevanssi_related_posts":"885,922,530,821,789,845","_relevanssi_noindex_reason":"","footnotes":""},"class_list":["post-20","page","type-page","status-publish","hentry"],"acf":[],"yoast_head":"<!-- This site is optimized with the Yoast SEO Premium plugin v20.0 (Yoast SEO v27.3) - https:\/\/yoast.com\/product\/yoast-seo-premium-wordpress\/ -->\n<title>About us | Telefonica Colombia English<\/title>\n<meta name=\"robots\" content=\"index, follow, max-snippet:-1, max-image-preview:large, max-video-preview:-1\" \/>\n<link rel=\"canonical\" href=\"https:\/\/www.telefonica.co\/en\/about-us\/\" \/>\n<meta property=\"og:locale\" content=\"en_GB\" \/>\n<meta property=\"og:type\" content=\"article\" \/>\n<meta property=\"og:title\" content=\"About us\" \/>\n<meta property=\"og:description\" content=\"Business Principles and Policies Our Business Principles govern everything we do and say, they are our code of ethics. M\u00e1s informaci\u00f3n sobre Business Principles and Policies Contractual Policies for Suppliers and Marketers Check here the contractual policies that apply to our suppliers and vendors. Check here the contractual policies that apply to our suppliers and [&hellip;]\" \/>\n<meta property=\"og:url\" content=\"https:\/\/www.telefonica.co\/en\/about-us\/\" \/>\n<meta property=\"og:site_name\" content=\"Telefonica Colombia English\" \/>\n<meta property=\"article:published_time\" content=\"2023-01-12T21:42:50+01:00\" \/>\n<meta property=\"article:modified_time\" content=\"2026-01-30T01:52:49+01:00\" \/>\n<meta property=\"og:image\" content=\"https:\/\/www.telefonica.co\/en\/wp-content\/uploads\/sites\/10\/2024\/03\/LogoTelefonicaAzul.png\" \/>\n\t<meta property=\"og:image:width\" content=\"250\" \/>\n\t<meta property=\"og:image:height\" content=\"250\" \/>\n\t<meta property=\"og:image:type\" content=\"image\/png\" \/>\n<meta name=\"twitter:card\" content=\"summary_large_image\" \/>\n<meta name=\"twitter:label1\" content=\"Est. reading time\" \/>\n\t<meta name=\"twitter:data1\" content=\"1 minute\" \/>\n<script type=\"application\/ld+json\" class=\"yoast-schema-graph\">{\"@context\":\"https:\\\/\\\/schema.org\",\"@graph\":[{\"@type\":\"WebPage\",\"@id\":\"https:\\\/\\\/www.telefonica.co\\\/en\\\/about-us\\\/\",\"url\":\"https:\\\/\\\/www.telefonica.co\\\/en\\\/about-us\\\/\",\"name\":\"About us | Telefonica Colombia English\",\"isPartOf\":{\"@id\":\"https:\\\/\\\/www.telefonica.co\\\/en\\\/#website\"},\"datePublished\":\"2023-01-12T20:42:50+00:00\",\"dateModified\":\"2026-01-30T00:52:49+00:00\",\"breadcrumb\":{\"@id\":\"https:\\\/\\\/www.telefonica.co\\\/en\\\/about-us\\\/#breadcrumb\"},\"inLanguage\":\"en-GB\",\"potentialAction\":[{\"@type\":\"ReadAction\",\"target\":[\"https:\\\/\\\/www.telefonica.co\\\/en\\\/about-us\\\/\"]}]},{\"@type\":\"BreadcrumbList\",\"@id\":\"https:\\\/\\\/www.telefonica.co\\\/en\\\/about-us\\\/#breadcrumb\",\"itemListElement\":[{\"@type\":\"ListItem\",\"position\":1,\"name\":\"Home\",\"item\":\"https:\\\/\\\/www.telefonica.co\\\/en\\\/\"},{\"@type\":\"ListItem\",\"position\":2,\"name\":\"About us\"}]},{\"@type\":\"WebSite\",\"@id\":\"https:\\\/\\\/www.telefonica.co\\\/en\\\/#website\",\"url\":\"https:\\\/\\\/www.telefonica.co\\\/en\\\/\",\"name\":\"Telefonica Colombia English\",\"description\":\"\",\"potentialAction\":[{\"@type\":\"SearchAction\",\"target\":{\"@type\":\"EntryPoint\",\"urlTemplate\":\"https:\\\/\\\/www.telefonica.co\\\/en\\\/?s={search_term_string}\"},\"query-input\":{\"@type\":\"PropertyValueSpecification\",\"valueRequired\":true,\"valueName\":\"search_term_string\"}}],\"inLanguage\":\"en-GB\"}]}<\/script>\n<!-- \/ Yoast SEO Premium plugin. -->","yoast_head_json":{"title":"About us | Telefonica Colombia English","robots":{"index":"index","follow":"follow","max-snippet":"max-snippet:-1","max-image-preview":"max-image-preview:large","max-video-preview":"max-video-preview:-1"},"canonical":"https:\/\/www.telefonica.co\/en\/about-us\/","og_locale":"en_GB","og_type":"article","og_title":"About us","og_description":"Business Principles and Policies Our Business Principles govern everything we do and say, they are our code of ethics. M\u00e1s informaci\u00f3n sobre Business Principles and Policies Contractual Policies for Suppliers and Marketers Check here the contractual policies that apply to our suppliers and vendors. Check here the contractual policies that apply to our suppliers and [&hellip;]","og_url":"https:\/\/www.telefonica.co\/en\/about-us\/","og_site_name":"Telefonica Colombia English","article_published_time":"2023-01-12T21:42:50+01:00","article_modified_time":"2026-01-30T01:52:49+01:00","og_image":[{"width":250,"height":250,"url":"https:\/\/www.telefonica.co\/en\/wp-content\/uploads\/sites\/10\/2024\/03\/LogoTelefonicaAzul.png","type":"image\/png"}],"twitter_card":"summary_large_image","twitter_misc":{"Est. reading time":"1 minute"},"schema":{"@context":"https:\/\/schema.org","@graph":[{"@type":"WebPage","@id":"https:\/\/www.telefonica.co\/en\/about-us\/","url":"https:\/\/www.telefonica.co\/en\/about-us\/","name":"About us | Telefonica Colombia English","isPartOf":{"@id":"https:\/\/www.telefonica.co\/en\/#website"},"datePublished":"2023-01-12T20:42:50+00:00","dateModified":"2026-01-30T00:52:49+00:00","breadcrumb":{"@id":"https:\/\/www.telefonica.co\/en\/about-us\/#breadcrumb"},"inLanguage":"en-GB","potentialAction":[{"@type":"ReadAction","target":["https:\/\/www.telefonica.co\/en\/about-us\/"]}]},{"@type":"BreadcrumbList","@id":"https:\/\/www.telefonica.co\/en\/about-us\/#breadcrumb","itemListElement":[{"@type":"ListItem","position":1,"name":"Home","item":"https:\/\/www.telefonica.co\/en\/"},{"@type":"ListItem","position":2,"name":"About us"}]},{"@type":"WebSite","@id":"https:\/\/www.telefonica.co\/en\/#website","url":"https:\/\/www.telefonica.co\/en\/","name":"Telefonica Colombia English","description":"","potentialAction":[{"@type":"SearchAction","target":{"@type":"EntryPoint","urlTemplate":"https:\/\/www.telefonica.co\/en\/?s={search_term_string}"},"query-input":{"@type":"PropertyValueSpecification","valueRequired":true,"valueName":"search_term_string"}}],"inLanguage":"en-GB"}]}},"jetpack_sharing_enabled":true,"_links":{"self":[{"href":"https:\/\/www.telefonica.co\/en\/wp-json\/wp\/v2\/pages\/20","targetHints":{"allow":["GET"]}}],"collection":[{"href":"https:\/\/www.telefonica.co\/en\/wp-json\/wp\/v2\/pages"}],"about":[{"href":"https:\/\/www.telefonica.co\/en\/wp-json\/wp\/v2\/types\/page"}],"author":[{"embeddable":true,"href":"https:\/\/www.telefonica.co\/en\/wp-json\/wp\/v2\/users\/6"}],"replies":[{"embeddable":true,"href":"https:\/\/www.telefonica.co\/en\/wp-json\/wp\/v2\/comments?post=20"}],"version-history":[{"count":17,"href":"https:\/\/www.telefonica.co\/en\/wp-json\/wp\/v2\/pages\/20\/revisions"}],"predecessor-version":[{"id":74625,"href":"https:\/\/www.telefonica.co\/en\/wp-json\/wp\/v2\/pages\/20\/revisions\/74625"}],"wp:attachment":[{"href":"https:\/\/www.telefonica.co\/en\/wp-json\/wp\/v2\/media?parent=20"}],"curies":[{"name":"wp","href":"https:\/\/api.w.org\/{rel}","templated":true}]}}