{"id":1661,"date":"2023-02-14T13:17:04","date_gmt":"2023-02-14T13:17:04","guid":{"rendered":"https:\/\/www.telefonica.co\/?page_id=1661"},"modified":"2023-04-03T01:24:08","modified_gmt":"2023-04-03T06:24:08","slug":"accionistas-e-inversionistas","status":"publish","type":"page","link":"https:\/\/www.telefonica.co\/en\/contact-us\/accionistas-e-inversionistas\/","title":{"rendered":"Shareholders and Investors"},"content":{"rendered":"\n<h3 class=\"wp-block-heading\" id=\"h-investor-contact\">Investor contact<\/h3>\n\n\n\n<p><strong>Contact:<\/strong> Zamir Jose Suz Ruiz<\/p>\n\n\n\n<p><strong>Position:<\/strong> Finance manager<\/p>\n\n\n\n<p><strong>Phone number:<\/strong> 7050000<\/p>\n\n\n\n<p><strong>Mail:<\/strong> inversionistas.co@telefonica.com<\/p>\n\n\n\n<p><strong>Office:<\/strong> Transversal 60 (Av. Suba) No 114A \u2013 55 Bloque B Piso 1 | Bogot\u00e1 &#8211; Colombia<\/p>\n\n\n\n<p>IMPORTANTE NOTICE: Investor Relations&#8217; mailbox will only respond to questions from Investors\/Shareholders and Analysts on Telef\u00f3nica&#8217;s results and strategy. Please note that other queries will not be addressed by this mailbox. In particular, please note that this mailbox is not a valid recipient for notification purposes.<\/p>\n\n\n<div class=\"tlf-spaces mb--100 \">  <\/div>\n\n\n<div class=\"tf-tab\">\n    <div class=\"tf-tab__header\">\n        <svg class=\"icon tf-tab__logo\">\n            <use xlink:href=\"\/wp-content\/themes\/telefonica-theme\/img\/svg\/symbol\/sprite.svg#isotype-text\"><\/use>\n        <\/svg>\n        <button class=\"tf-tab__close\" onclick=\"closeTab(this);\">\n            <svg class=\"icon\">\n            <use xlink:href=\"\/wp-content\/themes\/telefonica-theme\/img\/svg\/symbol\/sprite.svg#close\"><\/use>\n            <\/svg>\n        <\/button>\n    <\/div>\n    <nav class=\"tf-tab__nav\" aria-label=\"Tabs\">\n        <button class=\"tf-tab__menu\" href=\"#\" onclick=\"openTab(this);\"><span>Abrir menu<\/span>\n            <svg class=\"icon tf-tab__icon\">\n            <use xlink:href=\"\/wp-content\/themes\/telefonica-theme\/img\/svg\/symbol\/sprite.svg#filter\"><\/use>\n            <\/svg>\n        <\/button>\n        <ul class=\"tf-tab__list\"><li class=\"tf-tab__item tf-tab__item--active\"><a class=\"tf-tab__link\" href=\"#tab-prensa\" role=\"tab\">\nPrensa <\/a><\/li><li class=\"tf-tab__item\"><a class=\"tf-tab__link\" href=\"#tab-accionistas-e-inversionistas\" role=\"tab\"> \n\nAccionistas e Inversionistas <\/a><\/li><li class=\"tf-tab__item\"><a class=\"tf-tab__link\" href=\"#tab-notificaciones-judiciales\" role=\"tab\"> \n\nNotificaciones judiciales <\/a><\/li><li class=\"tf-tab__item\"><a class=\"tf-tab__link\" href=\"#tab-recursos-humanos\" role=\"tab\"> \n\nRecursos Humanos  <\/a><\/li><li class=\"tf-tab__item\"><a class=\"tf-tab__link\" href=\"#tab-canal-de-consultas-y-denuncias\" role=\"tab\"> \n\nCanal de Consultas y Denuncias <\/a><\/li><\/ul>\n    <\/nav><div class=\"tf-tab__content tf-tab__content--active\" id=\"tab-prensa\">\n                <p> <\/p><div class=\"wp-block-telefonica-tab\">\n\n<h3>Direcci\u00f3n de Comunicaciones Corporativas<\/h3>\n\n\n\n<p><strong>Correo:<\/strong> prensa.telefonica@telefonica.com<\/p>\n\n\n\n<p>AVISO IMPORTANTE: El buz\u00f3n de la Sala de Prensa est\u00e1 dirigido exclusivamente a la atenci\u00f3n de solicitudes de medios de comunicaci\u00f3n. Cualquier otra solicitud no ser\u00e1 atendida. En particular, se pone de manifiesto que este buz\u00f3n no es v\u00e1lido a efectos de notificaciones.<\/p>\n\n<\/div> <p><\/p>\n            <\/div><div class=\"tf-tab__content\" id=\"tab-accionistas-e-inversionistas\">\n                <p> <\/p><div class=\"wp-block-telefonica-tab\">\n\n<h3>Atenci\u00f3n con inversionistas<\/h3>\n\n\n\n<p><strong>Contacto:<\/strong> Zamir Jose Suz Ruiz<\/p>\n\n\n\n<p><strong>Cargo:<\/strong> Gerente de Finanzas<\/p>\n\n\n\n<p><strong>Tel\u00e9fono:<\/strong> 7050000<\/p>\n\n\n\n<p><strong>Correo:<\/strong> inversionistas.co@telefonica.com<\/p>\n\n\n\n<p><strong>Oficina:<\/strong> Transversal 60 (Av. Suba) No 114A \u2013 55 Bloque B Piso 1 | Bogot\u00e1 \u2013 Colombia<\/p>\n\n\n\n<p>AVISO IMPORTANTE: El buz\u00f3n de la Oficina del Accionista est\u00e1 dirigido exclusivamente a la atenci\u00f3n de solicitudes de Accionistas\/Inversores. Cualquier otra solicitud no ser\u00e1 atendida. En particular, se pone de manifiesto que este buz\u00f3n no es v\u00e1lido a efectos de notificaciones.<\/p>\n\n<\/div> <p><\/p>\n            <\/div><div class=\"tf-tab__content\" id=\"tab-notificaciones-judiciales\">\n                <p> <\/p><div class=\"wp-block-telefonica-tab\">\n\n<p>Colombia Telecomunicaciones pone a disposici\u00f3n el correo <a href=\"mailto:notificacionesjudiciales@telefonica.com\">notificacionesjudiciales@telefonica.com<\/a> con el \u00fanico fin de recibir comunicaciones que provengan de la rama judicial. Debido a lo anterior, cualquier mensaje que no corresponda a este tema no ser\u00e1 le\u00eddo y autom\u00e1ticamente se eliminar\u00e1 de este buz\u00f3n.&nbsp;<\/p>\n\n\n\n<p>Las PQR ser\u00e1n atendidas en los canales establecidos por la compa\u00f1\u00eda.<\/p>\n\n<\/div> <p><\/p>\n            <\/div><div class=\"tf-tab__content\" id=\"tab-recursos-humanos\">\n                <p> <\/p><div class=\"wp-block-telefonica-tab\">\n\n<p><strong>Certificado Laboral para empleados retirados<\/strong><\/p>\n\n\n\n<p>(Ac\u00e1 va un texto m\u00e1s una tabla. Adem\u00e1s, en la carpeta de Contactos dejo el Excel al que hay que enlazar la palabra <strong>Formato<\/strong>)<\/p>\n\n\n\n<p>Si eres ex colaborador(a) de Fundaci\u00f3n Telef\u00f3nica y Telef\u00f3nica Colombia (incluidas las fusiones de Trunking, Uni\u00f3n Temporal, Cocelco, Celum\u00f3vil, Rey Ru\u00edz, Telef\u00f3nica Data, Bellsouth, Telef\u00f3nica M\u00f3viles Colombia y Colombia Telecomunicaciones), a trav\u00e9s de este correo <a href=\"mailto:atencionexcolaborador@gesnext.com\">atencionexcolaborador@gesnext.com<\/a>, se podr\u00e1n hacer las siguientes solicitudes: certificados laborales, certificados de ingresos y retenciones a partir del a\u00f1o 2012, certificados de seguridad social a partir de agosto de 2006, certificados ARL estudiantes y aprendices, entre otros.<\/p>\n\n\n\n<p>De acuerdo con el tipo de certificado se deben diligenciar los campos relacionados en la siguiente tabla, los cuales est\u00e1n contenidos en el <strong>Formato<\/strong>, que se debe anexar a la solicitud.<\/p>\n\n<figure class=\"wp-block-table\"><table><tbody><tr><td><strong>Tipo de Certificados CAE<\/strong><\/td><td><strong>Empresa con la que trabaj\u00f3 el solicitante<\/strong><\/td><td><strong>N\u00famero de c\u00e9dula del solicitante<\/strong><\/td><td><strong>Correo electr\u00f3nico del solicitante<\/strong><\/td><td><strong>N\u00famero celular del solicitante<\/strong><\/td><td><strong>Con salario S\u00ed\/No<\/strong><\/td><td><strong>Motivo de retiro del solicitante<\/strong><\/td><td><strong>Dirigido a:<\/strong><\/td><\/tr><tr><td>Certificado laboral: nombres, apellidos, c\u00e9dula, cargo, fecha de ingreso\/retiro<\/td><td>X<\/td><td>X<\/td><td>X<\/td><td>X<\/td><td>X<\/td><td>X<\/td><td>X<\/td><\/tr><tr><td>Certificado de ingresos y retenciones a partir del a\u00f1o 2012<\/td><td>X<\/td><td>X<\/td><td>X<\/td><td>X<\/td><td>N\/A<\/td><td>N\/A<\/td><td>N\/A<\/td><\/tr><tr><td>Certificados de mi planilla seguridad social a partir de agosto de 2006<\/td><td>X<\/td><td>X<\/td><td>X<\/td><td>X<\/td><td>N\/A<\/td><td>N\/A<\/td><td>N\/A<\/td><\/tr><tr><td>Certificados ARL estudiantes y aprendices<\/td><td>X<\/td><td>X<\/td><td>X<\/td><td>X<\/td><td>N\/A<\/td><td>N\/A<\/td><td>N\/A<\/td><\/tr><\/tbody><\/table><\/figure>\n\n<p><\/p>\n\n<\/div> <p><\/p>\n            <\/div><div class=\"tf-tab__content\" id=\"tab-canal-de-consultas-y-denuncias\">\n                <p> <\/p><div class=\"wp-block-telefonica-tab\">\n\n<p>Colombia Telecomunicaciones pone a disposici\u00f3n el correo <a href=\"mailto:correspondencia.telefonica.colombia@telefonica.com\">correspondencia.telefonica.colombia@telefonica.com<\/a>&nbsp; con fin de recibir la correspondencia que provenga de terceros diferentes a la rama judicial y proveedores de la Compa\u00f1\u00eda (facturaci\u00f3n).<\/p>\n\n<\/div> <p><\/p>\n            <\/div><\/div>\n","protected":false},"excerpt":{"rendered":"<p>Investor contact Contact: Zamir Jose Suz Ruiz Position: Finance manager Phone number: 7050000 Mail: inversionistas.co@telefonica.com Office: Transversal 60 (Av. Suba) No 114A \u2013 55 Bloque B Piso 1 | Bogot\u00e1 &#8211; Colombia IMPORTANTE NOTICE: Investor Relations&#8217; mailbox will only respond to questions from Investors\/Shareholders and Analysts on Telef\u00f3nica&#8217;s results and strategy. Please note that other [&hellip;]<\/p>\n","protected":false},"author":5,"featured_media":0,"parent":44,"menu_order":0,"comment_status":"closed","ping_status":"closed","template":"","meta":{"_acf_changed":false,"_relevanssi_hide_post":"","_relevanssi_pin_for_all":"","_relevanssi_pin_keywords":"","_relevanssi_unpin_keywords":"","_relevanssi_related_keywords":"","_relevanssi_related_include_ids":"","_relevanssi_related_exclude_ids":"","_relevanssi_related_no_append":"","_relevanssi_related_not_related":"","_relevanssi_related_posts":"773,526,769,713,922,701","_relevanssi_noindex_reason":"","footnotes":""},"class_list":["post-1661","page","type-page","status-publish","hentry"],"acf":[],"yoast_head":"<!-- This site is optimized with the Yoast SEO Premium plugin v20.0 (Yoast SEO v27.4) - https:\/\/yoast.com\/product\/yoast-seo-premium-wordpress\/ -->\n<title>Shareholders and Investors | Telefonica Colombia English<\/title>\n<meta name=\"robots\" content=\"index, follow, max-snippet:-1, max-image-preview:large, max-video-preview:-1\" \/>\n<link rel=\"canonical\" href=\"https:\/\/www.telefonica.co\/en\/contact-us\/accionistas-e-inversionistas\/\" \/>\n<meta property=\"og:locale\" content=\"en_GB\" \/>\n<meta property=\"og:type\" content=\"article\" \/>\n<meta property=\"og:title\" content=\"Shareholders and Investors\" \/>\n<meta property=\"og:description\" content=\"Investor contact Contact: Zamir Jose Suz Ruiz Position: Finance manager Phone number: 7050000 Mail: inversionistas.co@telefonica.com Office: Transversal 60 (Av. Suba) No 114A \u2013 55 Bloque B Piso 1 | Bogot\u00e1 &#8211; Colombia IMPORTANTE NOTICE: Investor Relations&#8217; mailbox will only respond to questions from Investors\/Shareholders and Analysts on Telef\u00f3nica&#8217;s results and strategy. Please note that other [&hellip;]\" \/>\n<meta property=\"og:url\" content=\"https:\/\/www.telefonica.co\/en\/contact-us\/accionistas-e-inversionistas\/\" \/>\n<meta property=\"og:site_name\" content=\"Telefonica Colombia English\" \/>\n<meta property=\"article:published_time\" content=\"2023-02-14T14:17:04+01:00\" \/>\n<meta property=\"article:modified_time\" content=\"2023-04-03T08:24:08+02:00\" \/>\n<meta property=\"og:image\" content=\"https:\/\/www.telefonica.co\/en\/wp-content\/uploads\/sites\/10\/2024\/03\/LogoTelefonicaAzul.png\" \/>\n\t<meta property=\"og:image:width\" content=\"250\" \/>\n\t<meta property=\"og:image:height\" content=\"250\" \/>\n\t<meta property=\"og:image:type\" content=\"image\/png\" \/>\n<meta name=\"twitter:card\" content=\"summary_large_image\" \/>\n<meta name=\"twitter:label1\" content=\"Est. reading time\" \/>\n\t<meta name=\"twitter:data1\" content=\"3 minutes\" \/>\n<script type=\"application\/ld+json\" class=\"yoast-schema-graph\">{\"@context\":\"https:\\\/\\\/schema.org\",\"@graph\":[{\"@type\":\"WebPage\",\"@id\":\"https:\\\/\\\/www.telefonica.co\\\/en\\\/contact-us\\\/accionistas-e-inversionistas\\\/\",\"url\":\"https:\\\/\\\/www.telefonica.co\\\/en\\\/contact-us\\\/accionistas-e-inversionistas\\\/\",\"name\":\"Shareholders and Investors | Telefonica Colombia English\",\"isPartOf\":{\"@id\":\"https:\\\/\\\/www.telefonica.co\\\/en\\\/#website\"},\"datePublished\":\"2023-02-14T13:17:04+00:00\",\"dateModified\":\"2023-04-03T06:24:08+00:00\",\"breadcrumb\":{\"@id\":\"https:\\\/\\\/www.telefonica.co\\\/en\\\/contact-us\\\/accionistas-e-inversionistas\\\/#breadcrumb\"},\"inLanguage\":\"en-GB\",\"potentialAction\":[{\"@type\":\"ReadAction\",\"target\":[\"https:\\\/\\\/www.telefonica.co\\\/en\\\/contact-us\\\/accionistas-e-inversionistas\\\/\"]}]},{\"@type\":\"BreadcrumbList\",\"@id\":\"https:\\\/\\\/www.telefonica.co\\\/en\\\/contact-us\\\/accionistas-e-inversionistas\\\/#breadcrumb\",\"itemListElement\":[{\"@type\":\"ListItem\",\"position\":1,\"name\":\"Home\",\"item\":\"https:\\\/\\\/www.telefonica.co\\\/en\\\/\"},{\"@type\":\"ListItem\",\"position\":2,\"name\":\"Contact us\",\"item\":\"https:\\\/\\\/www.telefonica.co\\\/en\\\/contact-us\\\/\"},{\"@type\":\"ListItem\",\"position\":3,\"name\":\"Shareholders and Investors\"}]},{\"@type\":\"WebSite\",\"@id\":\"https:\\\/\\\/www.telefonica.co\\\/en\\\/#website\",\"url\":\"https:\\\/\\\/www.telefonica.co\\\/en\\\/\",\"name\":\"Telefonica Colombia English\",\"description\":\"\",\"potentialAction\":[{\"@type\":\"SearchAction\",\"target\":{\"@type\":\"EntryPoint\",\"urlTemplate\":\"https:\\\/\\\/www.telefonica.co\\\/en\\\/?s={search_term_string}\"},\"query-input\":{\"@type\":\"PropertyValueSpecification\",\"valueRequired\":true,\"valueName\":\"search_term_string\"}}],\"inLanguage\":\"en-GB\"}]}<\/script>\n<!-- \/ Yoast SEO Premium plugin. -->","yoast_head_json":{"title":"Shareholders and Investors | Telefonica Colombia English","robots":{"index":"index","follow":"follow","max-snippet":"max-snippet:-1","max-image-preview":"max-image-preview:large","max-video-preview":"max-video-preview:-1"},"canonical":"https:\/\/www.telefonica.co\/en\/contact-us\/accionistas-e-inversionistas\/","og_locale":"en_GB","og_type":"article","og_title":"Shareholders and Investors","og_description":"Investor contact Contact: Zamir Jose Suz Ruiz Position: Finance manager Phone number: 7050000 Mail: inversionistas.co@telefonica.com Office: Transversal 60 (Av. Suba) No 114A \u2013 55 Bloque B Piso 1 | Bogot\u00e1 &#8211; Colombia IMPORTANTE NOTICE: Investor Relations&#8217; mailbox will only respond to questions from Investors\/Shareholders and Analysts on Telef\u00f3nica&#8217;s results and strategy. Please note that other [&hellip;]","og_url":"https:\/\/www.telefonica.co\/en\/contact-us\/accionistas-e-inversionistas\/","og_site_name":"Telefonica Colombia English","article_published_time":"2023-02-14T14:17:04+01:00","article_modified_time":"2023-04-03T08:24:08+02:00","og_image":[{"width":250,"height":250,"url":"https:\/\/www.telefonica.co\/en\/wp-content\/uploads\/sites\/10\/2024\/03\/LogoTelefonicaAzul.png","type":"image\/png"}],"twitter_card":"summary_large_image","twitter_misc":{"Est. reading time":"3 minutes"},"schema":{"@context":"https:\/\/schema.org","@graph":[{"@type":"WebPage","@id":"https:\/\/www.telefonica.co\/en\/contact-us\/accionistas-e-inversionistas\/","url":"https:\/\/www.telefonica.co\/en\/contact-us\/accionistas-e-inversionistas\/","name":"Shareholders and Investors | Telefonica Colombia English","isPartOf":{"@id":"https:\/\/www.telefonica.co\/en\/#website"},"datePublished":"2023-02-14T13:17:04+00:00","dateModified":"2023-04-03T06:24:08+00:00","breadcrumb":{"@id":"https:\/\/www.telefonica.co\/en\/contact-us\/accionistas-e-inversionistas\/#breadcrumb"},"inLanguage":"en-GB","potentialAction":[{"@type":"ReadAction","target":["https:\/\/www.telefonica.co\/en\/contact-us\/accionistas-e-inversionistas\/"]}]},{"@type":"BreadcrumbList","@id":"https:\/\/www.telefonica.co\/en\/contact-us\/accionistas-e-inversionistas\/#breadcrumb","itemListElement":[{"@type":"ListItem","position":1,"name":"Home","item":"https:\/\/www.telefonica.co\/en\/"},{"@type":"ListItem","position":2,"name":"Contact us","item":"https:\/\/www.telefonica.co\/en\/contact-us\/"},{"@type":"ListItem","position":3,"name":"Shareholders and Investors"}]},{"@type":"WebSite","@id":"https:\/\/www.telefonica.co\/en\/#website","url":"https:\/\/www.telefonica.co\/en\/","name":"Telefonica Colombia English","description":"","potentialAction":[{"@type":"SearchAction","target":{"@type":"EntryPoint","urlTemplate":"https:\/\/www.telefonica.co\/en\/?s={search_term_string}"},"query-input":{"@type":"PropertyValueSpecification","valueRequired":true,"valueName":"search_term_string"}}],"inLanguage":"en-GB"}]}},"jetpack_sharing_enabled":true,"_links":{"self":[{"href":"https:\/\/www.telefonica.co\/en\/wp-json\/wp\/v2\/pages\/1661","targetHints":{"allow":["GET"]}}],"collection":[{"href":"https:\/\/www.telefonica.co\/en\/wp-json\/wp\/v2\/pages"}],"about":[{"href":"https:\/\/www.telefonica.co\/en\/wp-json\/wp\/v2\/types\/page"}],"author":[{"embeddable":true,"href":"https:\/\/www.telefonica.co\/en\/wp-json\/wp\/v2\/users\/5"}],"replies":[{"embeddable":true,"href":"https:\/\/www.telefonica.co\/en\/wp-json\/wp\/v2\/comments?post=1661"}],"version-history":[{"count":5,"href":"https:\/\/www.telefonica.co\/en\/wp-json\/wp\/v2\/pages\/1661\/revisions"}],"predecessor-version":[{"id":2566,"href":"https:\/\/www.telefonica.co\/en\/wp-json\/wp\/v2\/pages\/1661\/revisions\/2566"}],"up":[{"embeddable":true,"href":"https:\/\/www.telefonica.co\/en\/wp-json\/wp\/v2\/pages\/44"}],"wp:attachment":[{"href":"https:\/\/www.telefonica.co\/en\/wp-json\/wp\/v2\/media?parent=1661"}],"curies":[{"name":"wp","href":"https:\/\/api.w.org\/{rel}","templated":true}]}}