{"id":1533,"date":"2023-02-13T16:41:54","date_gmt":"2023-02-13T21:41:54","guid":{"rendered":"https:\/\/www.telefonica.co\/?page_id=1533"},"modified":"2023-05-03T11:24:40","modified_gmt":"2023-05-03T16:24:40","slug":"press","status":"publish","type":"page","link":"https:\/\/www.telefonica.co\/en\/accessibility\/press\/","title":{"rendered":"Press"},"content":{"rendered":"\n<p>Discover here the most recent information and audiovisual material from Telef\u00f3nica, Movistar, Fundaci\u00f3n Telef\u00f3nica and Wayra in Colombia<\/p>\n\n\n\n<p><\/p>\n\n\n\n<p><a href=\"https:\/\/www.telefonica.co\/en\/communication-room\/press\/\">Learn more here<\/a><\/p>\n\n\n\n<p><a href=\"https:\/\/www.telefonica.co\/en\/accessibility\/\">Back to start menu<\/a><\/p>\n\n\n<div class=\"tlf-spaces mb--100 \">  <\/div>","protected":false},"excerpt":{"rendered":"<p>Discover here the most recent information and audiovisual material from Telef\u00f3nica, Movistar, Fundaci\u00f3n Telef\u00f3nica and Wayra in Colombia Learn more here Back to start menu<\/p>\n","protected":false},"author":5,"featured_media":0,"parent":18,"menu_order":0,"comment_status":"closed","ping_status":"closed","template":"","meta":{"_acf_changed":false,"_relevanssi_hide_post":"","_relevanssi_pin_for_all":"","_relevanssi_pin_keywords":"","_relevanssi_unpin_keywords":"","_relevanssi_related_keywords":"","_relevanssi_related_include_ids":"","_relevanssi_related_exclude_ids":"","_relevanssi_related_no_append":"","_relevanssi_related_not_related":"","_relevanssi_related_posts":"853,849,821,745,914,893","_relevanssi_noindex_reason":"","footnotes":""},"class_list":["post-1533","page","type-page","status-publish","hentry"],"acf":[],"yoast_head":"<!-- This site is optimized with the Yoast SEO Premium plugin v20.0 (Yoast SEO v27.4) - https:\/\/yoast.com\/product\/yoast-seo-premium-wordpress\/ -->\n<title>Press | Telefonica Colombia English<\/title>\n<meta name=\"robots\" content=\"index, follow, max-snippet:-1, max-image-preview:large, max-video-preview:-1\" \/>\n<link rel=\"canonical\" href=\"https:\/\/www.telefonica.co\/en\/accessibility\/press\/\" \/>\n<meta property=\"og:locale\" content=\"en_GB\" \/>\n<meta property=\"og:type\" content=\"article\" \/>\n<meta property=\"og:title\" content=\"Press\" \/>\n<meta property=\"og:description\" content=\"Discover here the most recent information and audiovisual material from Telef\u00f3nica, Movistar, Fundaci\u00f3n Telef\u00f3nica and Wayra in Colombia Learn more here Back to start menu\" \/>\n<meta property=\"og:url\" content=\"https:\/\/www.telefonica.co\/en\/accessibility\/press\/\" \/>\n<meta property=\"og:site_name\" content=\"Telefonica Colombia English\" \/>\n<meta property=\"article:published_time\" content=\"2023-02-13T22:41:54+01:00\" \/>\n<meta property=\"article:modified_time\" content=\"2023-05-03T18:24:40+02:00\" \/>\n<meta property=\"og:image\" content=\"https:\/\/www.telefonica.co\/en\/wp-content\/uploads\/sites\/10\/2024\/03\/LogoTelefonicaAzul.png\" \/>\n\t<meta property=\"og:image:width\" content=\"250\" \/>\n\t<meta property=\"og:image:height\" content=\"250\" \/>\n\t<meta property=\"og:image:type\" content=\"image\/png\" \/>\n<meta name=\"twitter:card\" content=\"summary_large_image\" \/>\n<meta name=\"twitter:label1\" content=\"Est. reading time\" \/>\n\t<meta name=\"twitter:data1\" content=\"1 minute\" \/>\n<script type=\"application\/ld+json\" class=\"yoast-schema-graph\">{\"@context\":\"https:\\\/\\\/schema.org\",\"@graph\":[{\"@type\":\"WebPage\",\"@id\":\"https:\\\/\\\/www.telefonica.co\\\/en\\\/accessibility\\\/press\\\/\",\"url\":\"https:\\\/\\\/www.telefonica.co\\\/en\\\/accessibility\\\/press\\\/\",\"name\":\"Press | Telefonica Colombia English\",\"isPartOf\":{\"@id\":\"https:\\\/\\\/www.telefonica.co\\\/en\\\/#website\"},\"datePublished\":\"2023-02-13T21:41:54+00:00\",\"dateModified\":\"2023-05-03T16:24:40+00:00\",\"breadcrumb\":{\"@id\":\"https:\\\/\\\/www.telefonica.co\\\/en\\\/accessibility\\\/press\\\/#breadcrumb\"},\"inLanguage\":\"en-GB\",\"potentialAction\":[{\"@type\":\"ReadAction\",\"target\":[\"https:\\\/\\\/www.telefonica.co\\\/en\\\/accessibility\\\/press\\\/\"]}]},{\"@type\":\"BreadcrumbList\",\"@id\":\"https:\\\/\\\/www.telefonica.co\\\/en\\\/accessibility\\\/press\\\/#breadcrumb\",\"itemListElement\":[{\"@type\":\"ListItem\",\"position\":1,\"name\":\"Home\",\"item\":\"https:\\\/\\\/www.telefonica.co\\\/en\\\/\"},{\"@type\":\"ListItem\",\"position\":2,\"name\":\"Accessibility\",\"item\":\"https:\\\/\\\/www.telefonica.co\\\/en\\\/accessibility\\\/\"},{\"@type\":\"ListItem\",\"position\":3,\"name\":\"Press\"}]},{\"@type\":\"WebSite\",\"@id\":\"https:\\\/\\\/www.telefonica.co\\\/en\\\/#website\",\"url\":\"https:\\\/\\\/www.telefonica.co\\\/en\\\/\",\"name\":\"Telefonica Colombia English\",\"description\":\"\",\"potentialAction\":[{\"@type\":\"SearchAction\",\"target\":{\"@type\":\"EntryPoint\",\"urlTemplate\":\"https:\\\/\\\/www.telefonica.co\\\/en\\\/?s={search_term_string}\"},\"query-input\":{\"@type\":\"PropertyValueSpecification\",\"valueRequired\":true,\"valueName\":\"search_term_string\"}}],\"inLanguage\":\"en-GB\"}]}<\/script>\n<!-- \/ Yoast SEO Premium plugin. -->","yoast_head_json":{"title":"Press | Telefonica Colombia English","robots":{"index":"index","follow":"follow","max-snippet":"max-snippet:-1","max-image-preview":"max-image-preview:large","max-video-preview":"max-video-preview:-1"},"canonical":"https:\/\/www.telefonica.co\/en\/accessibility\/press\/","og_locale":"en_GB","og_type":"article","og_title":"Press","og_description":"Discover here the most recent information and audiovisual material from Telef\u00f3nica, Movistar, Fundaci\u00f3n Telef\u00f3nica and Wayra in Colombia Learn more here Back to start menu","og_url":"https:\/\/www.telefonica.co\/en\/accessibility\/press\/","og_site_name":"Telefonica Colombia English","article_published_time":"2023-02-13T22:41:54+01:00","article_modified_time":"2023-05-03T18:24:40+02:00","og_image":[{"width":250,"height":250,"url":"https:\/\/www.telefonica.co\/en\/wp-content\/uploads\/sites\/10\/2024\/03\/LogoTelefonicaAzul.png","type":"image\/png"}],"twitter_card":"summary_large_image","twitter_misc":{"Est. reading time":"1 minute"},"schema":{"@context":"https:\/\/schema.org","@graph":[{"@type":"WebPage","@id":"https:\/\/www.telefonica.co\/en\/accessibility\/press\/","url":"https:\/\/www.telefonica.co\/en\/accessibility\/press\/","name":"Press | Telefonica Colombia English","isPartOf":{"@id":"https:\/\/www.telefonica.co\/en\/#website"},"datePublished":"2023-02-13T21:41:54+00:00","dateModified":"2023-05-03T16:24:40+00:00","breadcrumb":{"@id":"https:\/\/www.telefonica.co\/en\/accessibility\/press\/#breadcrumb"},"inLanguage":"en-GB","potentialAction":[{"@type":"ReadAction","target":["https:\/\/www.telefonica.co\/en\/accessibility\/press\/"]}]},{"@type":"BreadcrumbList","@id":"https:\/\/www.telefonica.co\/en\/accessibility\/press\/#breadcrumb","itemListElement":[{"@type":"ListItem","position":1,"name":"Home","item":"https:\/\/www.telefonica.co\/en\/"},{"@type":"ListItem","position":2,"name":"Accessibility","item":"https:\/\/www.telefonica.co\/en\/accessibility\/"},{"@type":"ListItem","position":3,"name":"Press"}]},{"@type":"WebSite","@id":"https:\/\/www.telefonica.co\/en\/#website","url":"https:\/\/www.telefonica.co\/en\/","name":"Telefonica Colombia English","description":"","potentialAction":[{"@type":"SearchAction","target":{"@type":"EntryPoint","urlTemplate":"https:\/\/www.telefonica.co\/en\/?s={search_term_string}"},"query-input":{"@type":"PropertyValueSpecification","valueRequired":true,"valueName":"search_term_string"}}],"inLanguage":"en-GB"}]}},"jetpack_sharing_enabled":true,"_links":{"self":[{"href":"https:\/\/www.telefonica.co\/en\/wp-json\/wp\/v2\/pages\/1533","targetHints":{"allow":["GET"]}}],"collection":[{"href":"https:\/\/www.telefonica.co\/en\/wp-json\/wp\/v2\/pages"}],"about":[{"href":"https:\/\/www.telefonica.co\/en\/wp-json\/wp\/v2\/types\/page"}],"author":[{"embeddable":true,"href":"https:\/\/www.telefonica.co\/en\/wp-json\/wp\/v2\/users\/5"}],"replies":[{"embeddable":true,"href":"https:\/\/www.telefonica.co\/en\/wp-json\/wp\/v2\/comments?post=1533"}],"version-history":[{"count":5,"href":"https:\/\/www.telefonica.co\/en\/wp-json\/wp\/v2\/pages\/1533\/revisions"}],"predecessor-version":[{"id":2761,"href":"https:\/\/www.telefonica.co\/en\/wp-json\/wp\/v2\/pages\/1533\/revisions\/2761"}],"up":[{"embeddable":true,"href":"https:\/\/www.telefonica.co\/en\/wp-json\/wp\/v2\/pages\/18"}],"wp:attachment":[{"href":"https:\/\/www.telefonica.co\/en\/wp-json\/wp\/v2\/media?parent=1533"}],"curies":[{"name":"wp","href":"https:\/\/api.w.org\/{rel}","templated":true}]}}