{"id":1308,"date":"2023-02-08T17:59:26","date_gmt":"2023-02-08T17:59:26","guid":{"rendered":"https:\/\/www.telefonica.co\/?page_id=1308"},"modified":"2026-02-11T07:43:37","modified_gmt":"2026-02-11T12:43:37","slug":"our-shareholders","status":"publish","type":"page","link":"https:\/\/www.telefonica.co\/en\/shareholders-and-investors\/shareholders-of-colombia-telecomunicaciones\/our-shareholders\/","title":{"rendered":"Our Shareholders"},"content":{"rendered":"\n<p>The authorized capital of Colombia Telecomunicaciones (or the Company) is $1,454,870,740,000, divided into 1,454,870,740,000 ordinary nominative shares with a value of one peso currency ($1.oo). The Company&#8217;s subscribed and paid-out capital is composed of 3.410.075.788 ordinary shares. To date, the Company has 1.451.460.664.212 shares in reserve. The company&#8217;s shareholding composition is as follows:<\/p>\n\n\n\n<div class=\"wp-block-group tabla-azulada\"><div class=\"wp-block-group__inner-container is-layout-constrained wp-block-group-is-layout-constrained\"><div class=\"tlf-spaces mb--35 \">  <\/div>\n\n\n<figure class=\"wp-block-table\"><table><thead><tr><th>Shareholders<\/th><th>No. Shares<\/th><th>Percentage (%)<\/th><\/tr><\/thead><tbody><tr><td>Millicom Colombia Holding S.A.S.<\/td><td>2.301.779.819<\/td><td>67,49937427<\/td><\/tr><tr><td>La Naci\u00f3n &#8211; Ministerio de Hacienda y Cr\u00e9dito P\u00fablico<\/td><td>1.108.269.271<\/td><td>32,49984282<\/td><\/tr><tr><td>Radio Televisi\u00f3n Nacional de Colombia &#8211; RTVC<\/td><td>10.000<\/td><td>0,00029325<\/td><\/tr><tr><td>Shirley Puentes Mercado<\/td><td>9.950<\/td><td>0,00029178<\/td><\/tr><tr><td>Adriana Cepeda Rodr\u00edguez<\/td><td>2.488<\/td><td>0,00007296<\/td><\/tr><tr><td>Patricia Cepeda Rodr\u00edguez<\/td><td>1.493<\/td><td>0,00004378<\/td><\/tr><tr><td>Dar\u00edo C\u00e1rdenas Navas<\/td><td>885<\/td><td>0,00002595<\/td><\/tr><tr><td>Eduardo C\u00e1rdenas Caballero<\/td><td>826<\/td><td>0,00002422<\/td><\/tr><tr><td>Jhon Jairo Guti\u00e9rrez Torres<\/td><td>498<\/td><td>0,0000146<\/td><\/tr><tr><td>Kira Torrente Albor<\/td><td>349<\/td><td>0,00001023<\/td><\/tr><tr><td>Canal Regional de Televisi\u00f3n Ltda. TEVEANDINA<\/td><td>200<\/td><td>0,00000586<\/td><\/tr><tr><td>\u00c1rea Metropolitana de Bucaramanga<\/td><td>2<\/td><td>0,00000006<\/td><\/tr><tr><td>Instituto de Vivienda de Inter\u00e9s Social y Reforma Urbana del Municipio de Bucaramanga &#8211; INVISBU<\/td><td>2<\/td><td>0,00000006<\/td><\/tr><tr><td>Caja de Previsi\u00f3n Social Municipal de Bucaramanga<\/td><td>2<\/td><td>0,00000006<\/td><\/tr><tr><td>Cooperativa de Empleados de las Empresas P\u00fablicas de Bucaramanga Ltda.<\/td><td>2<\/td><td>0,00000006<\/td><\/tr><tr><td>Central de Inversiones S.A.-CISA<\/td><td>1<\/td><td>0,00000003<\/td><\/tr><tr><td><strong>Total<\/strong><\/td><td><strong>3.410.075.788<\/strong><\/td><td><strong>100%<\/strong><\/td><\/tr><\/tbody><\/table><\/figure>\n<\/div><\/div>\n\n\n<div class=\"tlf-spaces mb--35 \">  <\/div>\n\n\n<p><strong>Each share will confer the following rights to its owner:<\/strong><\/p>\n\n\n\n<p>1. To participate in the deliberations of the General Shareholders&#8217; Meeting and vote in it;<br>2. To receive a proportional part of the social benefits established by the year-end balances;<br>3. That of freely negotiating the shares subject to the law and the provisions of article eight of the statutes;<br>4. That of freely inspecting the books and social papers, within the fifteen (15) business days prior to the meetings of the General Assembly of Shareholders in which the year-end balance sheets are examined; and<br>5. That of receiving, in the event of liquidation of the company, a proportional part of the company&#8217;s assets, once the Company&#8217;s external liabilities have been paid.<\/p>\n\n\n<div class=\"tlf-spaces mb--100 \">  <\/div>","protected":false},"excerpt":{"rendered":"<p>The authorized capital of Colombia Telecomunicaciones (or the Company) is $1,454,870,740,000, divided into 1,454,870,740,000 ordinary nominative shares with a value of one peso currency ($1.oo). The Company&#8217;s subscribed and paid-out capital is composed of 3.410.075.788 ordinary shares. To date, the Company has 1.451.460.664.212 shares in reserve. The company&#8217;s shareholding composition is as follows: Shareholders No. [&hellip;]<\/p>\n","protected":false},"author":5,"featured_media":0,"parent":1306,"menu_order":0,"comment_status":"closed","ping_status":"closed","template":"","meta":{"_acf_changed":false,"_relevanssi_hide_post":"","_relevanssi_pin_for_all":"","_relevanssi_pin_keywords":"","_relevanssi_unpin_keywords":"","_relevanssi_related_keywords":"","_relevanssi_related_include_ids":"","_relevanssi_related_exclude_ids":"","_relevanssi_related_no_append":"","_relevanssi_related_not_related":"","_relevanssi_related_posts":"570,773,733,922,677,554","_relevanssi_noindex_reason":"","footnotes":""},"class_list":["post-1308","page","type-page","status-publish","hentry"],"acf":[],"yoast_head":"<!-- This site is optimized with the Yoast SEO Premium plugin v20.0 (Yoast SEO v27.3) - https:\/\/yoast.com\/product\/yoast-seo-premium-wordpress\/ -->\n<title>Our Shareholders | Telefonica Colombia English<\/title>\n<meta name=\"robots\" content=\"index, follow, max-snippet:-1, max-image-preview:large, max-video-preview:-1\" \/>\n<link rel=\"canonical\" href=\"https:\/\/www.telefonica.co\/en\/shareholders-and-investors\/shareholders-of-colombia-telecomunicaciones\/our-shareholders\/\" \/>\n<meta property=\"og:locale\" content=\"en_GB\" \/>\n<meta property=\"og:type\" content=\"article\" \/>\n<meta property=\"og:title\" content=\"Our Shareholders\" \/>\n<meta property=\"og:description\" content=\"The authorized capital of Colombia Telecomunicaciones (or the Company) is $1,454,870,740,000, divided into 1,454,870,740,000 ordinary nominative shares with a value of one peso currency ($1.oo). The Company&#8217;s subscribed and paid-out capital is composed of 3.410.075.788 ordinary shares. To date, the Company has 1.451.460.664.212 shares in reserve. The company&#8217;s shareholding composition is as follows: Shareholders No. [&hellip;]\" \/>\n<meta property=\"og:url\" content=\"https:\/\/www.telefonica.co\/en\/shareholders-and-investors\/shareholders-of-colombia-telecomunicaciones\/our-shareholders\/\" \/>\n<meta property=\"og:site_name\" content=\"Telefonica Colombia English\" \/>\n<meta property=\"article:published_time\" content=\"2023-02-08T18:59:26+01:00\" \/>\n<meta property=\"article:modified_time\" content=\"2026-02-11T13:43:37+01:00\" \/>\n<meta property=\"og:image\" content=\"https:\/\/www.telefonica.co\/en\/wp-content\/uploads\/sites\/10\/2024\/03\/LogoTelefonicaAzul.png\" \/>\n\t<meta property=\"og:image:width\" content=\"250\" \/>\n\t<meta property=\"og:image:height\" content=\"250\" \/>\n\t<meta property=\"og:image:type\" content=\"image\/png\" \/>\n<meta name=\"twitter:card\" content=\"summary_large_image\" \/>\n<meta name=\"twitter:label1\" content=\"Est. reading time\" \/>\n\t<meta name=\"twitter:data1\" content=\"2 minutes\" \/>\n<script type=\"application\/ld+json\" class=\"yoast-schema-graph\">{\"@context\":\"https:\\\/\\\/schema.org\",\"@graph\":[{\"@type\":\"WebPage\",\"@id\":\"https:\\\/\\\/www.telefonica.co\\\/en\\\/shareholders-and-investors\\\/shareholders-of-colombia-telecomunicaciones\\\/our-shareholders\\\/\",\"url\":\"https:\\\/\\\/www.telefonica.co\\\/en\\\/shareholders-and-investors\\\/shareholders-of-colombia-telecomunicaciones\\\/our-shareholders\\\/\",\"name\":\"Our Shareholders | Telefonica Colombia English\",\"isPartOf\":{\"@id\":\"https:\\\/\\\/www.telefonica.co\\\/en\\\/#website\"},\"datePublished\":\"2023-02-08T17:59:26+00:00\",\"dateModified\":\"2026-02-11T12:43:37+00:00\",\"breadcrumb\":{\"@id\":\"https:\\\/\\\/www.telefonica.co\\\/en\\\/shareholders-and-investors\\\/shareholders-of-colombia-telecomunicaciones\\\/our-shareholders\\\/#breadcrumb\"},\"inLanguage\":\"en-GB\",\"potentialAction\":[{\"@type\":\"ReadAction\",\"target\":[\"https:\\\/\\\/www.telefonica.co\\\/en\\\/shareholders-and-investors\\\/shareholders-of-colombia-telecomunicaciones\\\/our-shareholders\\\/\"]}]},{\"@type\":\"BreadcrumbList\",\"@id\":\"https:\\\/\\\/www.telefonica.co\\\/en\\\/shareholders-and-investors\\\/shareholders-of-colombia-telecomunicaciones\\\/our-shareholders\\\/#breadcrumb\",\"itemListElement\":[{\"@type\":\"ListItem\",\"position\":1,\"name\":\"Home\",\"item\":\"https:\\\/\\\/www.telefonica.co\\\/en\\\/\"},{\"@type\":\"ListItem\",\"position\":2,\"name\":\"Shareholders and Investors\",\"item\":\"https:\\\/\\\/www.telefonica.co\\\/en\\\/shareholders-and-investors\\\/\"},{\"@type\":\"ListItem\",\"position\":3,\"name\":\"Shareholders of Colombia Telecomunicaciones\",\"item\":\"https:\\\/\\\/www.telefonica.co\\\/en\\\/shareholders-and-investors\\\/shareholders-of-colombia-telecomunicaciones\\\/\"},{\"@type\":\"ListItem\",\"position\":4,\"name\":\"Our Shareholders\"}]},{\"@type\":\"WebSite\",\"@id\":\"https:\\\/\\\/www.telefonica.co\\\/en\\\/#website\",\"url\":\"https:\\\/\\\/www.telefonica.co\\\/en\\\/\",\"name\":\"Telefonica Colombia English\",\"description\":\"\",\"potentialAction\":[{\"@type\":\"SearchAction\",\"target\":{\"@type\":\"EntryPoint\",\"urlTemplate\":\"https:\\\/\\\/www.telefonica.co\\\/en\\\/?s={search_term_string}\"},\"query-input\":{\"@type\":\"PropertyValueSpecification\",\"valueRequired\":true,\"valueName\":\"search_term_string\"}}],\"inLanguage\":\"en-GB\"}]}<\/script>\n<!-- \/ Yoast SEO Premium plugin. -->","yoast_head_json":{"title":"Our Shareholders | Telefonica Colombia English","robots":{"index":"index","follow":"follow","max-snippet":"max-snippet:-1","max-image-preview":"max-image-preview:large","max-video-preview":"max-video-preview:-1"},"canonical":"https:\/\/www.telefonica.co\/en\/shareholders-and-investors\/shareholders-of-colombia-telecomunicaciones\/our-shareholders\/","og_locale":"en_GB","og_type":"article","og_title":"Our Shareholders","og_description":"The authorized capital of Colombia Telecomunicaciones (or the Company) is $1,454,870,740,000, divided into 1,454,870,740,000 ordinary nominative shares with a value of one peso currency ($1.oo). The Company&#8217;s subscribed and paid-out capital is composed of 3.410.075.788 ordinary shares. To date, the Company has 1.451.460.664.212 shares in reserve. The company&#8217;s shareholding composition is as follows: Shareholders No. [&hellip;]","og_url":"https:\/\/www.telefonica.co\/en\/shareholders-and-investors\/shareholders-of-colombia-telecomunicaciones\/our-shareholders\/","og_site_name":"Telefonica Colombia English","article_published_time":"2023-02-08T18:59:26+01:00","article_modified_time":"2026-02-11T13:43:37+01:00","og_image":[{"width":250,"height":250,"url":"https:\/\/www.telefonica.co\/en\/wp-content\/uploads\/sites\/10\/2024\/03\/LogoTelefonicaAzul.png","type":"image\/png"}],"twitter_card":"summary_large_image","twitter_misc":{"Est. reading time":"2 minutes"},"schema":{"@context":"https:\/\/schema.org","@graph":[{"@type":"WebPage","@id":"https:\/\/www.telefonica.co\/en\/shareholders-and-investors\/shareholders-of-colombia-telecomunicaciones\/our-shareholders\/","url":"https:\/\/www.telefonica.co\/en\/shareholders-and-investors\/shareholders-of-colombia-telecomunicaciones\/our-shareholders\/","name":"Our Shareholders | Telefonica Colombia English","isPartOf":{"@id":"https:\/\/www.telefonica.co\/en\/#website"},"datePublished":"2023-02-08T17:59:26+00:00","dateModified":"2026-02-11T12:43:37+00:00","breadcrumb":{"@id":"https:\/\/www.telefonica.co\/en\/shareholders-and-investors\/shareholders-of-colombia-telecomunicaciones\/our-shareholders\/#breadcrumb"},"inLanguage":"en-GB","potentialAction":[{"@type":"ReadAction","target":["https:\/\/www.telefonica.co\/en\/shareholders-and-investors\/shareholders-of-colombia-telecomunicaciones\/our-shareholders\/"]}]},{"@type":"BreadcrumbList","@id":"https:\/\/www.telefonica.co\/en\/shareholders-and-investors\/shareholders-of-colombia-telecomunicaciones\/our-shareholders\/#breadcrumb","itemListElement":[{"@type":"ListItem","position":1,"name":"Home","item":"https:\/\/www.telefonica.co\/en\/"},{"@type":"ListItem","position":2,"name":"Shareholders and Investors","item":"https:\/\/www.telefonica.co\/en\/shareholders-and-investors\/"},{"@type":"ListItem","position":3,"name":"Shareholders of Colombia Telecomunicaciones","item":"https:\/\/www.telefonica.co\/en\/shareholders-and-investors\/shareholders-of-colombia-telecomunicaciones\/"},{"@type":"ListItem","position":4,"name":"Our Shareholders"}]},{"@type":"WebSite","@id":"https:\/\/www.telefonica.co\/en\/#website","url":"https:\/\/www.telefonica.co\/en\/","name":"Telefonica Colombia English","description":"","potentialAction":[{"@type":"SearchAction","target":{"@type":"EntryPoint","urlTemplate":"https:\/\/www.telefonica.co\/en\/?s={search_term_string}"},"query-input":{"@type":"PropertyValueSpecification","valueRequired":true,"valueName":"search_term_string"}}],"inLanguage":"en-GB"}]}},"jetpack_sharing_enabled":true,"_links":{"self":[{"href":"https:\/\/www.telefonica.co\/en\/wp-json\/wp\/v2\/pages\/1308","targetHints":{"allow":["GET"]}}],"collection":[{"href":"https:\/\/www.telefonica.co\/en\/wp-json\/wp\/v2\/pages"}],"about":[{"href":"https:\/\/www.telefonica.co\/en\/wp-json\/wp\/v2\/types\/page"}],"author":[{"embeddable":true,"href":"https:\/\/www.telefonica.co\/en\/wp-json\/wp\/v2\/users\/5"}],"replies":[{"embeddable":true,"href":"https:\/\/www.telefonica.co\/en\/wp-json\/wp\/v2\/comments?post=1308"}],"version-history":[{"count":7,"href":"https:\/\/www.telefonica.co\/en\/wp-json\/wp\/v2\/pages\/1308\/revisions"}],"predecessor-version":[{"id":74671,"href":"https:\/\/www.telefonica.co\/en\/wp-json\/wp\/v2\/pages\/1308\/revisions\/74671"}],"up":[{"embeddable":true,"href":"https:\/\/www.telefonica.co\/en\/wp-json\/wp\/v2\/pages\/1306"}],"wp:attachment":[{"href":"https:\/\/www.telefonica.co\/en\/wp-json\/wp\/v2\/media?parent=1308"}],"curies":[{"name":"wp","href":"https:\/\/api.w.org\/{rel}","templated":true}]}}