{"id":1210,"date":"2023-02-08T00:33:03","date_gmt":"2023-02-08T05:33:03","guid":{"rendered":"https:\/\/www.telefonica.co\/?page_id=1210"},"modified":"2023-04-28T15:05:46","modified_gmt":"2023-04-28T20:05:46","slug":"telefonicas-commitment-to-ethics-and-integrity-is-key-to-our-transformation-process","status":"publish","type":"page","link":"https:\/\/www.telefonica.co\/en\/sustainability\/compliance\/telefonicas-commitment-to-ethics-and-integrity-is-key-to-our-transformation-process\/","title":{"rendered":"Senior Management Commitment"},"content":{"rendered":"\n<h2 class=\"wp-block-heading\"><strong>Telef\u00f3nica&#8217;s commitment to ethics and integrity is key to our transformation process<\/strong><\/h2>\n\n\n\n<h4 class=\"wp-block-heading\" id=\"h-message-from-fabian-hernandez-ceo-of-telefonica-colombia-to-employees-and-other-stakeholders\" style=\"font-style:normal;font-weight:600\">Message from Fabi\u00e1n Hern\u00e1ndez, CEO of Telef\u00f3nica Colombia to employees and other stakeholders<\/h4>\n\n\n\n<p>During the last few years, we have experienced a transformation that has significantly impacted our way of life and the way we relate to others. In the midst of the profound changes and challenges we have experienced, at Telef\u00f3nica Movistar we continue working to make our world more humane by connecting people&#8217;s lives.<\/p>\n\n\n\n<p>This sense of what is human is reflected in each of the projects we undertake and, particularly, in our human talent, which constitutes the force that makes it possible for us to continue working to contribute to the construction of a better society.<\/p>\n\n\n\n<p>For this reason, in the company we have formulated a navigation chart that seeks to serve as a guiding criterion regarding the way in which we relate to the different interest groups and, in this way, guarantee that the development of our business is done ethically. and responsibility.<\/p>\n\n\n\n<p>This navigation chart, which constitutes Telef\u00f3nica&#8217;s Code of Ethics, corresponds to our Responsible Business Principles which, together with the Anti-Corruption Policy, call on us to act with transparency, integrity and commitment in each of the areas and dimensions in which we perform.<\/p>\n\n\n\n<p>All our stakeholders, including our administrators, collaborators, suppliers, allies, customers and society in general, are invited to heed this call and join our commitment to transparency and integrity. Together we can make Telef\u00f3nica a benchmark for ethics and responsibility.<\/p>\n\n\n<div class=\"tlf-spaces mb--100 \">  <\/div>","protected":false},"excerpt":{"rendered":"<p>Telef\u00f3nica&#8217;s commitment to ethics and integrity is key to our transformation process Message from Fabi\u00e1n Hern\u00e1ndez, CEO of Telef\u00f3nica Colombia to employees and other stakeholders During the last few years, we have experienced a transformation that has significantly impacted our way of life and the way we relate to others. In the midst of the [&hellip;]<\/p>\n","protected":false},"author":5,"featured_media":0,"parent":982,"menu_order":0,"comment_status":"closed","ping_status":"closed","template":"","meta":{"_acf_changed":false,"_relevanssi_hide_post":"","_relevanssi_pin_for_all":"","_relevanssi_pin_keywords":"","_relevanssi_unpin_keywords":"","_relevanssi_related_keywords":"","_relevanssi_related_include_ids":"","_relevanssi_related_exclude_ids":"","_relevanssi_related_no_append":"","_relevanssi_related_not_related":"","_relevanssi_related_posts":"829,805,645,833,737,693","_relevanssi_noindex_reason":"","footnotes":""},"class_list":["post-1210","page","type-page","status-publish","hentry"],"acf":[],"yoast_head":"<!-- This site is optimized with the Yoast SEO Premium plugin v20.0 (Yoast SEO v27.2) - https:\/\/yoast.com\/product\/yoast-seo-premium-wordpress\/ -->\n<title>Senior Management Commitment | Telefonica Colombia English<\/title>\n<meta name=\"robots\" content=\"index, follow, max-snippet:-1, max-image-preview:large, max-video-preview:-1\" \/>\n<link rel=\"canonical\" href=\"https:\/\/www.telefonica.co\/en\/sustainability\/compliance\/telefonicas-commitment-to-ethics-and-integrity-is-key-to-our-transformation-process\/\" \/>\n<meta property=\"og:locale\" content=\"en_GB\" \/>\n<meta property=\"og:type\" content=\"article\" \/>\n<meta property=\"og:title\" content=\"Senior Management Commitment\" \/>\n<meta property=\"og:description\" content=\"Telef\u00f3nica&#8217;s commitment to ethics and integrity is key to our transformation process Message from Fabi\u00e1n Hern\u00e1ndez, CEO of Telef\u00f3nica Colombia to employees and other stakeholders During the last few years, we have experienced a transformation that has significantly impacted our way of life and the way we relate to others. In the midst of the [&hellip;]\" \/>\n<meta property=\"og:url\" content=\"https:\/\/www.telefonica.co\/en\/sustainability\/compliance\/telefonicas-commitment-to-ethics-and-integrity-is-key-to-our-transformation-process\/\" \/>\n<meta property=\"og:site_name\" content=\"Telefonica Colombia English\" \/>\n<meta property=\"article:published_time\" content=\"2023-02-08T06:33:03+01:00\" \/>\n<meta property=\"article:modified_time\" content=\"2023-04-28T22:05:46+02:00\" \/>\n<meta property=\"og:image\" content=\"https:\/\/www.telefonica.co\/en\/wp-content\/uploads\/sites\/10\/2024\/03\/LogoTelefonicaAzul.png\" \/>\n\t<meta property=\"og:image:width\" content=\"250\" \/>\n\t<meta property=\"og:image:height\" content=\"250\" \/>\n\t<meta property=\"og:image:type\" content=\"image\/png\" \/>\n<meta name=\"twitter:card\" content=\"summary_large_image\" \/>\n<meta name=\"twitter:label1\" content=\"Est. reading time\" \/>\n\t<meta name=\"twitter:data1\" content=\"2 minutes\" \/>\n<script type=\"application\/ld+json\" class=\"yoast-schema-graph\">{\"@context\":\"https:\/\/schema.org\",\"@graph\":[{\"@type\":\"WebPage\",\"@id\":\"https:\/\/www.telefonica.co\/en\/sustainability\/compliance\/telefonicas-commitment-to-ethics-and-integrity-is-key-to-our-transformation-process\/\",\"url\":\"https:\/\/www.telefonica.co\/en\/sustainability\/compliance\/telefonicas-commitment-to-ethics-and-integrity-is-key-to-our-transformation-process\/\",\"name\":\"Senior Management Commitment | Telefonica Colombia English\",\"isPartOf\":{\"@id\":\"https:\/\/www.telefonica.co\/en\/#website\"},\"datePublished\":\"2023-02-08T05:33:03+00:00\",\"dateModified\":\"2023-04-28T20:05:46+00:00\",\"breadcrumb\":{\"@id\":\"https:\/\/www.telefonica.co\/en\/sustainability\/compliance\/telefonicas-commitment-to-ethics-and-integrity-is-key-to-our-transformation-process\/#breadcrumb\"},\"inLanguage\":\"en-GB\",\"potentialAction\":[{\"@type\":\"ReadAction\",\"target\":[\"https:\/\/www.telefonica.co\/en\/sustainability\/compliance\/telefonicas-commitment-to-ethics-and-integrity-is-key-to-our-transformation-process\/\"]}]},{\"@type\":\"BreadcrumbList\",\"@id\":\"https:\/\/www.telefonica.co\/en\/sustainability\/compliance\/telefonicas-commitment-to-ethics-and-integrity-is-key-to-our-transformation-process\/#breadcrumb\",\"itemListElement\":[{\"@type\":\"ListItem\",\"position\":1,\"name\":\"Home\",\"item\":\"https:\/\/www.telefonica.co\/en\/\"},{\"@type\":\"ListItem\",\"position\":2,\"name\":\"Sustainability\",\"item\":\"https:\/\/www.telefonica.co\/en\/sustainability\/\"},{\"@type\":\"ListItem\",\"position\":3,\"name\":\"Compliance\",\"item\":\"https:\/\/www.telefonica.co\/en\/sustainability\/compliance\/\"},{\"@type\":\"ListItem\",\"position\":4,\"name\":\"Senior Management Commitment\"}]},{\"@type\":\"WebSite\",\"@id\":\"https:\/\/www.telefonica.co\/en\/#website\",\"url\":\"https:\/\/www.telefonica.co\/en\/\",\"name\":\"Telefonica Colombia English\",\"description\":\"\",\"potentialAction\":[{\"@type\":\"SearchAction\",\"target\":{\"@type\":\"EntryPoint\",\"urlTemplate\":\"https:\/\/www.telefonica.co\/en\/?s={search_term_string}\"},\"query-input\":{\"@type\":\"PropertyValueSpecification\",\"valueRequired\":true,\"valueName\":\"search_term_string\"}}],\"inLanguage\":\"en-GB\"}]}<\/script>\n<!-- \/ Yoast SEO Premium plugin. -->","yoast_head_json":{"title":"Senior Management Commitment | Telefonica Colombia English","robots":{"index":"index","follow":"follow","max-snippet":"max-snippet:-1","max-image-preview":"max-image-preview:large","max-video-preview":"max-video-preview:-1"},"canonical":"https:\/\/www.telefonica.co\/en\/sustainability\/compliance\/telefonicas-commitment-to-ethics-and-integrity-is-key-to-our-transformation-process\/","og_locale":"en_GB","og_type":"article","og_title":"Senior Management Commitment","og_description":"Telef\u00f3nica&#8217;s commitment to ethics and integrity is key to our transformation process Message from Fabi\u00e1n Hern\u00e1ndez, CEO of Telef\u00f3nica Colombia to employees and other stakeholders During the last few years, we have experienced a transformation that has significantly impacted our way of life and the way we relate to others. In the midst of the [&hellip;]","og_url":"https:\/\/www.telefonica.co\/en\/sustainability\/compliance\/telefonicas-commitment-to-ethics-and-integrity-is-key-to-our-transformation-process\/","og_site_name":"Telefonica Colombia English","article_published_time":"2023-02-08T06:33:03+01:00","article_modified_time":"2023-04-28T22:05:46+02:00","og_image":[{"width":250,"height":250,"url":"https:\/\/www.telefonica.co\/en\/wp-content\/uploads\/sites\/10\/2024\/03\/LogoTelefonicaAzul.png","type":"image\/png"}],"twitter_card":"summary_large_image","twitter_misc":{"Est. reading time":"2 minutes"},"schema":{"@context":"https:\/\/schema.org","@graph":[{"@type":"WebPage","@id":"https:\/\/www.telefonica.co\/en\/sustainability\/compliance\/telefonicas-commitment-to-ethics-and-integrity-is-key-to-our-transformation-process\/","url":"https:\/\/www.telefonica.co\/en\/sustainability\/compliance\/telefonicas-commitment-to-ethics-and-integrity-is-key-to-our-transformation-process\/","name":"Senior Management Commitment | Telefonica Colombia English","isPartOf":{"@id":"https:\/\/www.telefonica.co\/en\/#website"},"datePublished":"2023-02-08T05:33:03+00:00","dateModified":"2023-04-28T20:05:46+00:00","breadcrumb":{"@id":"https:\/\/www.telefonica.co\/en\/sustainability\/compliance\/telefonicas-commitment-to-ethics-and-integrity-is-key-to-our-transformation-process\/#breadcrumb"},"inLanguage":"en-GB","potentialAction":[{"@type":"ReadAction","target":["https:\/\/www.telefonica.co\/en\/sustainability\/compliance\/telefonicas-commitment-to-ethics-and-integrity-is-key-to-our-transformation-process\/"]}]},{"@type":"BreadcrumbList","@id":"https:\/\/www.telefonica.co\/en\/sustainability\/compliance\/telefonicas-commitment-to-ethics-and-integrity-is-key-to-our-transformation-process\/#breadcrumb","itemListElement":[{"@type":"ListItem","position":1,"name":"Home","item":"https:\/\/www.telefonica.co\/en\/"},{"@type":"ListItem","position":2,"name":"Sustainability","item":"https:\/\/www.telefonica.co\/en\/sustainability\/"},{"@type":"ListItem","position":3,"name":"Compliance","item":"https:\/\/www.telefonica.co\/en\/sustainability\/compliance\/"},{"@type":"ListItem","position":4,"name":"Senior Management Commitment"}]},{"@type":"WebSite","@id":"https:\/\/www.telefonica.co\/en\/#website","url":"https:\/\/www.telefonica.co\/en\/","name":"Telefonica Colombia English","description":"","potentialAction":[{"@type":"SearchAction","target":{"@type":"EntryPoint","urlTemplate":"https:\/\/www.telefonica.co\/en\/?s={search_term_string}"},"query-input":{"@type":"PropertyValueSpecification","valueRequired":true,"valueName":"search_term_string"}}],"inLanguage":"en-GB"}]}},"jetpack_sharing_enabled":true,"_links":{"self":[{"href":"https:\/\/www.telefonica.co\/en\/wp-json\/wp\/v2\/pages\/1210","targetHints":{"allow":["GET"]}}],"collection":[{"href":"https:\/\/www.telefonica.co\/en\/wp-json\/wp\/v2\/pages"}],"about":[{"href":"https:\/\/www.telefonica.co\/en\/wp-json\/wp\/v2\/types\/page"}],"author":[{"embeddable":true,"href":"https:\/\/www.telefonica.co\/en\/wp-json\/wp\/v2\/users\/5"}],"replies":[{"embeddable":true,"href":"https:\/\/www.telefonica.co\/en\/wp-json\/wp\/v2\/comments?post=1210"}],"version-history":[{"count":4,"href":"https:\/\/www.telefonica.co\/en\/wp-json\/wp\/v2\/pages\/1210\/revisions"}],"predecessor-version":[{"id":2703,"href":"https:\/\/www.telefonica.co\/en\/wp-json\/wp\/v2\/pages\/1210\/revisions\/2703"}],"up":[{"embeddable":true,"href":"https:\/\/www.telefonica.co\/en\/wp-json\/wp\/v2\/pages\/982"}],"wp:attachment":[{"href":"https:\/\/www.telefonica.co\/en\/wp-json\/wp\/v2\/media?parent=1210"}],"curies":[{"name":"wp","href":"https:\/\/api.w.org\/{rel}","templated":true}]}}