{"id":1032,"date":"2023-02-07T15:36:42","date_gmt":"2023-02-07T20:36:42","guid":{"rendered":"https:\/\/www.telefonica.co\/?page_id=1032"},"modified":"2024-12-02T11:35:00","modified_gmt":"2024-12-02T16:35:00","slug":"sustainable-development-goals","status":"publish","type":"page","link":"https:\/\/www.telefonica.co\/en\/sustainability\/sustainability\/sustainable-development-goals\/","title":{"rendered":"Sustainable Development Goals"},"content":{"rendered":"\n<p>The Sustainable Development Goals (SDGs) are the most ambitious program in history to address the main social and environmental problems facing humanity.<\/p>\n\n\n<div class=\"block-shadow  block-shadow--light   \">\n            <div class=\"block-shadow__content\">\n                \n\n<p>The Internet and digital solutions are essential to be able to achieve <a href=\"https:\/\/www.telefonica.com\/es\/sala-comunicacion\/blog\/como-pueden-contribuir-las-soluciones-digitales-a-los-ods\/\" target=\"_blank\" rel=\"noreferrer noopener\">more than half of the goals set out in the SDGs.<\/a> At Telef\u00f3nica we take over and commit to the 2030 Agenda to:<\/p>\n\n\n\n<p><strong> \u25cf  Building a greener future:<\/strong> Harnessing the power of digitization to curb climate change.<\/p>\n\n\n\n<p><strong> \u25cf  Help society prosper:<\/strong> promote economic and social progress based on digitization, leaving no one behind.<\/p>\n\n\n\n<p> \u25cf  <strong>Lead by example: <\/strong>maintain strict levels of governance oversight to build trust<strong>.<\/strong><\/p>\n\n\n            <\/div>\n            <div class=\"block-shadow__media\">\n                <div class=\"block-shadow__img\" role=\"img\" aria-label=\"\" style=\"background-image: url(https:\/\/www.telefonica.co\/wp-content\/uploads\/sites\/4\/2023\/02\/Los-Objetivos-de-Desarrollo-Sostenible-ODS.jpg)\"><\/div><div class=\"block-shadow__desc\"><\/div><\/div>\n        <\/div>\n\n\n<div style=\"height:40px\" aria-hidden=\"true\" class=\"wp-block-spacer\"><\/div>\n\n\n\n<div class=\"wp-block-columns is-layout-flex wp-container-core-columns-is-layout-9d6595d7 wp-block-columns-is-layout-flex\">\n<div class=\"wp-block-column is-layout-flow wp-block-column-is-layout-flow\" style=\"flex-basis:52%\">\n<p class=\"has-x-large-font-size\">United Alliance for the SDGs<\/p>\n\n\n\n<p class=\"has-medium-font-size\">We participate in the measurement of Companies&#8217; Contribution to the Achievement of the SDGs, which evaluates the management of companies in areas such as Human Rights, Anti-Corruption, Labor Standards, Environment and Partnerships for Development and the contribution of companies to the achievement of the Goals. of Sustainable Development.&nbsp;<\/p>\n\n\n\n<p>The Measurement was carried out by the <a href=\"https:\/\/www.unidosporlosods.org\/\"><strong>United Alliance for the SDGs<\/strong><\/a>, a project led by: Pacto Global Red Colombia, Fundaci\u00f3n Corona, Fundaci\u00f3n Bol\u00edvar Davivienda and the Bogot\u00e1 Chamber of Commerce.z<\/p>\n<\/div>\n\n\n\n<div class=\"wp-block-column is-layout-flow wp-block-column-is-layout-flow\" style=\"flex-basis:45%\">\n<figure class=\"wp-block-image size-large\"><img decoding=\"async\" src=\"https:\/\/www.telefonica.co\/wp-content\/uploads\/sites\/4\/2024\/12\/Unidos_por_los_ODS_Sello_Participacion_2022.png?w=640\" alt=\"\" class=\"wp-image-68776\"\/><\/figure>\n\n\n<div class=\"wp-block-image\">\n<figure class=\"aligncenter size-large is-resized\"><img decoding=\"async\" src=\"https:\/\/www.telefonica.co\/wp-content\/uploads\/sites\/4\/2024\/12\/Unidos_por_los_ODS_Sello_Participacion_2023.png?w=640\" alt=\"\" class=\"wp-image-68771\" style=\"width:589px;height:auto\"\/><\/figure>\n<\/div><\/div>\n<\/div>\n\n\n\n<div class=\"interest empleos-sost\">\n    <div class=\"interest__header\">\n        \n            \n        \n        <span class=\"interest__title heading-6\">You might be interested<\/span>\n    <\/div><ul class=\"list list--dots\"><li class=\"list__item\"><a href=\"https:\/\/www.telefonica.co\/en\/wp-content\/uploads\/sites\/10\/2023\/04\/telefonica-sdg.pdf\" target=\"_blank\" rel=\"noopener\">Find out more information here<\/a><\/li>   <\/ul>\n<\/div>\n\n\n\n<div class=\"wp-block-columns are-vertically-aligned-center columna-sost is-layout-flex wp-container-core-columns-is-layout-9d6595d7 wp-block-columns-is-layout-flex\">\n<div class=\"wp-block-column is-vertically-aligned-center is-layout-flow wp-block-column-is-layout-flow\" style=\"flex-basis:600px\"><div class=\"block-shadow   block-shadow--column  \">\n            <div class=\"block-shadow__content\">\n                \n            <\/div>\n            <div class=\"block-shadow__media\">\n                <div class=\"block-shadow__img\">\n                <div class=\"tf-media\">\n                    <div class=\"tf-media__content\">\n                        <iframe allow=\"fullscreen\" title=\"Multimedia\" src=\"https:\/\/www.youtube.com\/embed\/bN3NVG-lM9Y\"><\/iframe>\n                    <\/div>                  \n                <\/div>\n                <\/div>\n\n            <\/div>\n        <\/div><\/div>\n<\/div>\n","protected":false},"excerpt":{"rendered":"<p>The Sustainable Development Goals (SDGs) are the most ambitious program in history to address the main social and environmental problems facing humanity. United Alliance for the SDGs We participate in the measurement of Companies&#8217; Contribution to the Achievement of the SDGs, which evaluates the management of companies in areas such as Human Rights, Anti-Corruption, Labor [&hellip;]<\/p>\n","protected":false},"author":5,"featured_media":0,"parent":1011,"menu_order":0,"comment_status":"closed","ping_status":"closed","template":"","meta":{"_acf_changed":false,"_relevanssi_hide_post":"","_relevanssi_pin_for_all":"","_relevanssi_pin_keywords":"","_relevanssi_unpin_keywords":"","_relevanssi_related_keywords":"","_relevanssi_related_include_ids":"","_relevanssi_related_exclude_ids":"","_relevanssi_related_no_append":"","_relevanssi_related_not_related":"","_relevanssi_related_posts":"893,944,757,733,685,906","_relevanssi_noindex_reason":"","footnotes":""},"class_list":["post-1032","page","type-page","status-publish","hentry"],"acf":[],"yoast_head":"<!-- This site is optimized with the Yoast SEO Premium plugin v20.0 (Yoast SEO v27.2) - https:\/\/yoast.com\/product\/yoast-seo-premium-wordpress\/ -->\n<title>Sustainable Development Goals | Telefonica Colombia English<\/title>\n<meta name=\"robots\" content=\"index, follow, max-snippet:-1, max-image-preview:large, max-video-preview:-1\" \/>\n<link rel=\"canonical\" href=\"https:\/\/www.telefonica.co\/en\/sustainability\/sustainability\/sustainable-development-goals\/\" \/>\n<meta property=\"og:locale\" content=\"en_GB\" \/>\n<meta property=\"og:type\" content=\"article\" \/>\n<meta property=\"og:title\" content=\"Sustainable Development Goals\" \/>\n<meta property=\"og:description\" content=\"The Sustainable Development Goals (SDGs) are the most ambitious program in history to address the main social and environmental problems facing humanity. United Alliance for the SDGs We participate in the measurement of Companies&#8217; Contribution to the Achievement of the SDGs, which evaluates the management of companies in areas such as Human Rights, Anti-Corruption, Labor [&hellip;]\" \/>\n<meta property=\"og:url\" content=\"https:\/\/www.telefonica.co\/en\/sustainability\/sustainability\/sustainable-development-goals\/\" \/>\n<meta property=\"og:site_name\" content=\"Telefonica Colombia English\" \/>\n<meta property=\"article:published_time\" content=\"2023-02-07T21:36:42+01:00\" \/>\n<meta property=\"article:modified_time\" content=\"2024-12-02T17:35:00+01:00\" \/>\n<meta property=\"og:image\" content=\"https:\/\/www.telefonica.co\/en\/wp-content\/uploads\/sites\/10\/2024\/03\/LogoTelefonicaAzul.png\" \/>\n\t<meta property=\"og:image:width\" content=\"250\" \/>\n\t<meta property=\"og:image:height\" content=\"250\" \/>\n\t<meta property=\"og:image:type\" content=\"image\/png\" \/>\n<meta name=\"twitter:card\" content=\"summary_large_image\" \/>\n<meta name=\"twitter:label1\" content=\"Est. reading time\" \/>\n\t<meta name=\"twitter:data1\" content=\"2 minutes\" \/>\n<script type=\"application\/ld+json\" class=\"yoast-schema-graph\">{\"@context\":\"https:\/\/schema.org\",\"@graph\":[{\"@type\":\"WebPage\",\"@id\":\"https:\/\/www.telefonica.co\/en\/sustainability\/sustainability\/sustainable-development-goals\/\",\"url\":\"https:\/\/www.telefonica.co\/en\/sustainability\/sustainability\/sustainable-development-goals\/\",\"name\":\"Sustainable Development Goals | Telefonica Colombia English\",\"isPartOf\":{\"@id\":\"https:\/\/www.telefonica.co\/en\/#website\"},\"primaryImageOfPage\":{\"@id\":\"https:\/\/www.telefonica.co\/en\/sustainability\/sustainability\/sustainable-development-goals\/#primaryimage\"},\"image\":{\"@id\":\"https:\/\/www.telefonica.co\/en\/sustainability\/sustainability\/sustainable-development-goals\/#primaryimage\"},\"thumbnailUrl\":\"https:\/\/www.telefonica.co\/wp-content\/uploads\/sites\/4\/2024\/12\/Unidos_por_los_ODS_Sello_Participacion_2022.png?w=640\",\"datePublished\":\"2023-02-07T20:36:42+00:00\",\"dateModified\":\"2024-12-02T16:35:00+00:00\",\"breadcrumb\":{\"@id\":\"https:\/\/www.telefonica.co\/en\/sustainability\/sustainability\/sustainable-development-goals\/#breadcrumb\"},\"inLanguage\":\"en-GB\",\"potentialAction\":[{\"@type\":\"ReadAction\",\"target\":[\"https:\/\/www.telefonica.co\/en\/sustainability\/sustainability\/sustainable-development-goals\/\"]}]},{\"@type\":\"ImageObject\",\"inLanguage\":\"en-GB\",\"@id\":\"https:\/\/www.telefonica.co\/en\/sustainability\/sustainability\/sustainable-development-goals\/#primaryimage\",\"url\":\"https:\/\/www.telefonica.co\/wp-content\/uploads\/sites\/4\/2024\/12\/Unidos_por_los_ODS_Sello_Participacion_2022.png?w=640\",\"contentUrl\":\"https:\/\/www.telefonica.co\/wp-content\/uploads\/sites\/4\/2024\/12\/Unidos_por_los_ODS_Sello_Participacion_2022.png?w=640\"},{\"@type\":\"BreadcrumbList\",\"@id\":\"https:\/\/www.telefonica.co\/en\/sustainability\/sustainability\/sustainable-development-goals\/#breadcrumb\",\"itemListElement\":[{\"@type\":\"ListItem\",\"position\":1,\"name\":\"Home\",\"item\":\"https:\/\/www.telefonica.co\/en\/\"},{\"@type\":\"ListItem\",\"position\":2,\"name\":\"Sustainability\",\"item\":\"https:\/\/www.telefonica.co\/en\/sustainability\/\"},{\"@type\":\"ListItem\",\"position\":3,\"name\":\"Sustainability\",\"item\":\"https:\/\/www.telefonica.co\/en\/sustainability\/sustainability\/\"},{\"@type\":\"ListItem\",\"position\":4,\"name\":\"Sustainable Development Goals\"}]},{\"@type\":\"WebSite\",\"@id\":\"https:\/\/www.telefonica.co\/en\/#website\",\"url\":\"https:\/\/www.telefonica.co\/en\/\",\"name\":\"Telefonica Colombia English\",\"description\":\"\",\"potentialAction\":[{\"@type\":\"SearchAction\",\"target\":{\"@type\":\"EntryPoint\",\"urlTemplate\":\"https:\/\/www.telefonica.co\/en\/?s={search_term_string}\"},\"query-input\":{\"@type\":\"PropertyValueSpecification\",\"valueRequired\":true,\"valueName\":\"search_term_string\"}}],\"inLanguage\":\"en-GB\"}]}<\/script>\n<!-- \/ Yoast SEO Premium plugin. -->","yoast_head_json":{"title":"Sustainable Development Goals | Telefonica Colombia English","robots":{"index":"index","follow":"follow","max-snippet":"max-snippet:-1","max-image-preview":"max-image-preview:large","max-video-preview":"max-video-preview:-1"},"canonical":"https:\/\/www.telefonica.co\/en\/sustainability\/sustainability\/sustainable-development-goals\/","og_locale":"en_GB","og_type":"article","og_title":"Sustainable Development Goals","og_description":"The Sustainable Development Goals (SDGs) are the most ambitious program in history to address the main social and environmental problems facing humanity. United Alliance for the SDGs We participate in the measurement of Companies&#8217; Contribution to the Achievement of the SDGs, which evaluates the management of companies in areas such as Human Rights, Anti-Corruption, Labor [&hellip;]","og_url":"https:\/\/www.telefonica.co\/en\/sustainability\/sustainability\/sustainable-development-goals\/","og_site_name":"Telefonica Colombia English","article_published_time":"2023-02-07T21:36:42+01:00","article_modified_time":"2024-12-02T17:35:00+01:00","og_image":[{"width":250,"height":250,"url":"https:\/\/www.telefonica.co\/en\/wp-content\/uploads\/sites\/10\/2024\/03\/LogoTelefonicaAzul.png","type":"image\/png"}],"twitter_card":"summary_large_image","twitter_misc":{"Est. reading time":"2 minutes"},"schema":{"@context":"https:\/\/schema.org","@graph":[{"@type":"WebPage","@id":"https:\/\/www.telefonica.co\/en\/sustainability\/sustainability\/sustainable-development-goals\/","url":"https:\/\/www.telefonica.co\/en\/sustainability\/sustainability\/sustainable-development-goals\/","name":"Sustainable Development Goals | Telefonica Colombia English","isPartOf":{"@id":"https:\/\/www.telefonica.co\/en\/#website"},"primaryImageOfPage":{"@id":"https:\/\/www.telefonica.co\/en\/sustainability\/sustainability\/sustainable-development-goals\/#primaryimage"},"image":{"@id":"https:\/\/www.telefonica.co\/en\/sustainability\/sustainability\/sustainable-development-goals\/#primaryimage"},"thumbnailUrl":"https:\/\/www.telefonica.co\/wp-content\/uploads\/sites\/4\/2024\/12\/Unidos_por_los_ODS_Sello_Participacion_2022.png?w=640","datePublished":"2023-02-07T20:36:42+00:00","dateModified":"2024-12-02T16:35:00+00:00","breadcrumb":{"@id":"https:\/\/www.telefonica.co\/en\/sustainability\/sustainability\/sustainable-development-goals\/#breadcrumb"},"inLanguage":"en-GB","potentialAction":[{"@type":"ReadAction","target":["https:\/\/www.telefonica.co\/en\/sustainability\/sustainability\/sustainable-development-goals\/"]}]},{"@type":"ImageObject","inLanguage":"en-GB","@id":"https:\/\/www.telefonica.co\/en\/sustainability\/sustainability\/sustainable-development-goals\/#primaryimage","url":"https:\/\/www.telefonica.co\/wp-content\/uploads\/sites\/4\/2024\/12\/Unidos_por_los_ODS_Sello_Participacion_2022.png?w=640","contentUrl":"https:\/\/www.telefonica.co\/wp-content\/uploads\/sites\/4\/2024\/12\/Unidos_por_los_ODS_Sello_Participacion_2022.png?w=640"},{"@type":"BreadcrumbList","@id":"https:\/\/www.telefonica.co\/en\/sustainability\/sustainability\/sustainable-development-goals\/#breadcrumb","itemListElement":[{"@type":"ListItem","position":1,"name":"Home","item":"https:\/\/www.telefonica.co\/en\/"},{"@type":"ListItem","position":2,"name":"Sustainability","item":"https:\/\/www.telefonica.co\/en\/sustainability\/"},{"@type":"ListItem","position":3,"name":"Sustainability","item":"https:\/\/www.telefonica.co\/en\/sustainability\/sustainability\/"},{"@type":"ListItem","position":4,"name":"Sustainable Development Goals"}]},{"@type":"WebSite","@id":"https:\/\/www.telefonica.co\/en\/#website","url":"https:\/\/www.telefonica.co\/en\/","name":"Telefonica Colombia English","description":"","potentialAction":[{"@type":"SearchAction","target":{"@type":"EntryPoint","urlTemplate":"https:\/\/www.telefonica.co\/en\/?s={search_term_string}"},"query-input":{"@type":"PropertyValueSpecification","valueRequired":true,"valueName":"search_term_string"}}],"inLanguage":"en-GB"}]}},"jetpack_sharing_enabled":true,"_links":{"self":[{"href":"https:\/\/www.telefonica.co\/en\/wp-json\/wp\/v2\/pages\/1032","targetHints":{"allow":["GET"]}}],"collection":[{"href":"https:\/\/www.telefonica.co\/en\/wp-json\/wp\/v2\/pages"}],"about":[{"href":"https:\/\/www.telefonica.co\/en\/wp-json\/wp\/v2\/types\/page"}],"author":[{"embeddable":true,"href":"https:\/\/www.telefonica.co\/en\/wp-json\/wp\/v2\/users\/5"}],"replies":[{"embeddable":true,"href":"https:\/\/www.telefonica.co\/en\/wp-json\/wp\/v2\/comments?post=1032"}],"version-history":[{"count":28,"href":"https:\/\/www.telefonica.co\/en\/wp-json\/wp\/v2\/pages\/1032\/revisions"}],"predecessor-version":[{"id":73930,"href":"https:\/\/www.telefonica.co\/en\/wp-json\/wp\/v2\/pages\/1032\/revisions\/73930"}],"up":[{"embeddable":true,"href":"https:\/\/www.telefonica.co\/en\/wp-json\/wp\/v2\/pages\/1011"}],"wp:attachment":[{"href":"https:\/\/www.telefonica.co\/en\/wp-json\/wp\/v2\/media?parent=1032"}],"curies":[{"name":"wp","href":"https:\/\/api.w.org\/{rel}","templated":true}]}}